{"id":857,"date":"2016-09-15T20:30:49","date_gmt":"2016-09-15T18:30:49","guid":{"rendered":"http:\/\/senat-grossegladbacher.de\/?page_id=857"},"modified":"2016-09-16T07:11:57","modified_gmt":"2016-09-16T05:11:57","slug":"fahrradtour-2016","status":"publish","type":"page","link":"https:\/\/senat-grossegladbacher.de\/?page_id=857","title":{"rendered":"Fahrradtour 2016"},"content":{"rendered":"<p>Am Samstag den 20. August 2016, fand die Fahrradtour des Senats der Gro\u00dfen Gladbacher KG (organisiert von Michael Diefenthal und J\u00fcrgen Bittner) statt.<\/p>\r\n<p>Nach anf\u00e4nglichen Bedenken bez\u00fcglich der gemischten Wetterlage setzten sich die zahlreich erschienenen Senatorinnen und Senatoren sowie G\u00e4ste des Senats um 10:00 Uhr auf dem Parkplatz des Bergisch Gladbacher Finanzamtes in Richtung Gut Leidenhausen in Bewegung.<\/p>\r\n<p>Noch auf dem Weg am alten Bahndamm entlang ereignetete sich die erste Fahrradpanne. Mit vereinten Kr\u00e4ften war diese aber schnell behoben, und die Fahrt konnte durch Frankenforst, den K\u00f6nigsforst sowie durch die Wahner Heide bei trockener Witterung fortgesetzt werden.<\/p>\r\n<p>Am Gut Leidenhausen angekommen stand als erste Aktion die St\u00e4rkung mit Getr\u00e4nken und kleinen Speisen an, ehe die F\u00fchrung durch das Gut und die Greifvogelschutzstation begann.<\/p>\r\n\r\n<p><a href=\"http:\/\/senat-grossegladbacher.de\/wp-content\/uploads\/2016\/08\/P1030920.jpg\" target=\"_blank\"><img loading=\"lazy\" decoding=\"async\" class=\"alignnone wp-image-950 size-medium\" src=\"http:\/\/senat-grossegladbacher.de\/wp-content\/uploads\/2016\/08\/P1030920-300x225.jpg\" alt=\"P1030920\" width=\"300\" height=\"225\" srcset=\"https:\/\/senat-grossegladbacher.de\/wp-content\/uploads\/2016\/08\/P1030920-300x225.jpg 300w, https:\/\/senat-grossegladbacher.de\/wp-content\/uploads\/2016\/08\/P1030920-1024x768.jpg 1024w\" sizes=\"auto, (max-width: 300px) 100vw, 300px\" \/><\/a><\/p>\r\n\r\n<p>Mit kurzweiligen und witzigen Anekdoten aber auch mit interessanten Neuigkeiten f\u00fchrte der Leiter der Greifvogelschutzstation Herr Wolters durch das Gut, das Obstbaummuseum, und zu guter Letzt durch die Greifvogelschutzstation.<\/p>\r\n\r\n<p><a href=\"http:\/\/senat-grossegladbacher.de\/wp-content\/uploads\/2016\/08\/IMG_6571.jpg\" target=\"_blank\"><img loading=\"lazy\" decoding=\"async\" class=\"alignnone wp-image-910 size-medium\" src=\"http:\/\/senat-grossegladbacher.de\/wp-content\/uploads\/2016\/08\/IMG_6571-300x225.jpg\" alt=\"IMG_6571\" width=\"300\" height=\"225\" srcset=\"https:\/\/senat-grossegladbacher.de\/wp-content\/uploads\/2016\/08\/IMG_6571-300x225.jpg 300w, https:\/\/senat-grossegladbacher.de\/wp-content\/uploads\/2016\/08\/IMG_6571-1024x768.jpg 1024w\" sizes=\"auto, (max-width: 300px) 100vw, 300px\" \/><\/a><\/p>\r\n\r\n<p>Am\u00fcsiert, gest\u00e4rkt und gut gelaunt setzte sich die Gruppe bei nun einsetzendem Sonnenschein wieder in Bewegung. Ohne Panne und schneller als erwartet erreichten die Radler zur Mittagspause die Groov in Porz\/Z\u00fcndorf am Rhein.<\/p>\r\n\r\n<p><a href=\"http:\/\/senat-grossegladbacher.de\/wp-content\/uploads\/2016\/08\/P1030936.jpg\" target=\"_blank\"><img loading=\"lazy\" decoding=\"async\" class=\"alignnone wp-image-966 size-medium\" src=\"http:\/\/senat-grossegladbacher.de\/wp-content\/uploads\/2016\/08\/P1030936-300x225.jpg\" alt=\"P1030936\" width=\"300\" height=\"225\" srcset=\"https:\/\/senat-grossegladbacher.de\/wp-content\/uploads\/2016\/08\/P1030936-300x225.jpg 300w, https:\/\/senat-grossegladbacher.de\/wp-content\/uploads\/2016\/08\/P1030936-1024x768.jpg 1024w\" sizes=\"auto, (max-width: 300px) 100vw, 300px\" \/><\/a><\/p>\r\n\r\n<p>Bei Flammkuchen, Pasta, K\u00f6lsch und Kl\u00f6n sa\u00df das illustre Gr\u00fcppchen an den Tischen des Prinzen von Togo und erfreute sich dem zunehmenden Sonnenschein.\r\nRechtzeitig trafen hier auch die \u201eNichtfahrradfahrer\u201c ein.<\/p>\r\n\r\n<p><a href=\"http:\/\/senat-grossegladbacher.de\/wp-content\/uploads\/2016\/08\/P1030941.jpg\" target=\"_blank\"><img loading=\"lazy\" decoding=\"async\" class=\"alignnone wp-image-970 size-medium\" src=\"http:\/\/senat-grossegladbacher.de\/wp-content\/uploads\/2016\/08\/P1030941-300x225.jpg\" alt=\"P1030941\" width=\"300\" height=\"225\" srcset=\"https:\/\/senat-grossegladbacher.de\/wp-content\/uploads\/2016\/08\/P1030941-300x225.jpg 300w, https:\/\/senat-grossegladbacher.de\/wp-content\/uploads\/2016\/08\/P1030941-1024x768.jpg 1024w\" sizes=\"auto, (max-width: 300px) 100vw, 300px\" \/><\/a><\/p>\r\n\r\n<p>Die letzte offizielle Etappe f\u00fchrte Senatorinnen und Senatoren rechtsseitig am Rhein entlang nach K\u00f6ln zur\u00fcck zum Biergarten am Hyatt an der Rheinpromenade. Bei sch\u00f6nem Wetter und k\u00fchlen Getr\u00e4nken genossen alle den Blick auf Rhein, Dom und die Altstadt.<\/p>\r\n\r\n<p><a href=\"http:\/\/senat-grossegladbacher.de\/wp-content\/uploads\/2016\/08\/RadSenator16_0034.jpg\" target=\"_blank\"><img loading=\"lazy\" decoding=\"async\" class=\"alignnone wp-image-891 size-medium\" src=\"http:\/\/senat-grossegladbacher.de\/wp-content\/uploads\/2016\/08\/RadSenator16_0034-300x225.jpg\" alt=\"RadSenator16_0034\" width=\"300\" height=\"225\" srcset=\"https:\/\/senat-grossegladbacher.de\/wp-content\/uploads\/2016\/08\/RadSenator16_0034-300x225.jpg 300w, https:\/\/senat-grossegladbacher.de\/wp-content\/uploads\/2016\/08\/RadSenator16_0034-1024x768.jpg 1024w\" sizes=\"auto, (max-width: 300px) 100vw, 300px\" \/><\/a><\/p>\r\n\r\n<p><a href=\"http:\/\/senat-grossegladbacher.de\/wp-content\/uploads\/2016\/08\/P1030951-e1473875851681.jpg\" target=\"_blank\"><img loading=\"lazy\" decoding=\"async\" class=\"alignnone wp-image-980 size-medium\" src=\"http:\/\/senat-grossegladbacher.de\/wp-content\/uploads\/2016\/08\/P1030951-e1473875851681-225x300.jpg\" alt=\"Radtour 2016\" width=\"225\" height=\"300\" srcset=\"https:\/\/senat-grossegladbacher.de\/wp-content\/uploads\/2016\/08\/P1030951-e1473875851681-225x300.jpg 225w, https:\/\/senat-grossegladbacher.de\/wp-content\/uploads\/2016\/08\/P1030951-e1473875851681-768x1024.jpg 768w\" sizes=\"auto, (max-width: 225px) 100vw, 225px\" \/><\/a><\/p>\r\n\r\n<p>Schlie\u00dflich kam der Augenblick des Aufbruches. Obwohl es jedem freigestellt war die R\u00fcckreise auf eigene Faust zu gestalten, fuhr nur ein kleiner Teil mit der S-Bahn zur\u00fcck nach Bergisch Gladbach. Der gro\u00dfe Teil radelte im Pulk gemeinsam zur\u00fcck entlang der Strunde in unsere Heimatstadt.<\/p>\r\n\r\n<p>Letztendlich wurde eine Wegstrecke von mehr als 50 km zur\u00fcckgelegt.\r\nSportlich, sportlich!<\/p>\r\n<p style=\"text-align: right;\">JB, 21.08.2016<\/p>","protected":false},"excerpt":{"rendered":"<p>Am Samstag den 20. August 2016, fand die Fahrradtour des Senats der Gro\u00dfen Gladbacher KG (organisiert von Michael Diefenthal und J\u00fcrgen Bittner) statt. Nach anf\u00e4nglichen Bedenken bez\u00fcglich der gemischten Wetterlage setzten sich die zahlreich erschienenen Senatorinnen und Senatoren sowie G\u00e4ste <a class=\"more-link\" href=\"https:\/\/senat-grossegladbacher.de\/?page_id=857\"><span class=\"screen-reader-text\">  Fahrradtour 2016<\/span> weiterlesen<span class=\"meta-nav\">&rarr;<\/span><\/a><\/p>\n","protected":false},"author":1,"featured_media":0,"parent":0,"menu_order":0,"comment_status":"closed","ping_status":"closed","template":"","meta":{"footnotes":""},"class_list":["post-857","page","type-page","status-publish","hentry"],"_links":{"self":[{"href":"https:\/\/senat-grossegladbacher.de\/index.php?rest_route=\/wp\/v2\/pages\/857","targetHints":{"allow":["GET"]}}],"collection":[{"href":"https:\/\/senat-grossegladbacher.de\/index.php?rest_route=\/wp\/v2\/pages"}],"about":[{"href":"https:\/\/senat-grossegladbacher.de\/index.php?rest_route=\/wp\/v2\/types\/page"}],"author":[{"embeddable":true,"href":"https:\/\/senat-grossegladbacher.de\/index.php?rest_route=\/wp\/v2\/users\/1"}],"replies":[{"embeddable":true,"href":"https:\/\/senat-grossegladbacher.de\/index.php?rest_route=%2Fwp%2Fv2%2Fcomments&post=857"}],"version-history":[{"count":5,"href":"https:\/\/senat-grossegladbacher.de\/index.php?rest_route=\/wp\/v2\/pages\/857\/revisions"}],"predecessor-version":[{"id":1012,"href":"https:\/\/senat-grossegladbacher.de\/index.php?rest_route=\/wp\/v2\/pages\/857\/revisions\/1012"}],"wp:attachment":[{"href":"https:\/\/senat-grossegladbacher.de\/index.php?rest_route=%2Fwp%2Fv2%2Fmedia&parent=857"}],"curies":[{"name":"wp","href":"https:\/\/api.w.org\/{rel}","templated":true}]}}