{"id":82,"date":"2016-01-15T13:04:05","date_gmt":"2016-01-15T12:04:05","guid":{"rendered":"http:\/\/senat-grossegladbacher.de\/?page_id=82"},"modified":"2024-09-10T09:27:28","modified_gmt":"2024-09-10T07:27:28","slug":"impressumdatenschutz","status":"publish","type":"page","link":"https:\/\/senat-grossegladbacher.de\/?page_id=82","title":{"rendered":"Impressum"},"content":{"rendered":"\n<h1 class=\"wp-block-heading\">Angaben gem\u00e4\u00df \u00a7 5 TMG:<\/h1>\n\n\n\n<p>Senat der Gro\u00dfen Gladbacher KG e.V.<br>c\/o Rolf Sam<br>Neue Nu\u00dfbaumer Str. 1<br>51469 Bergisch Gladbach<br>Email: r.sam@grosse-gladbacher.de<\/p>\n\n\n\n<h2 class=\"wp-block-heading\">Vertreten durch:<\/h2>\n\n\n\n<p>Senatspr\u00e4sident<br>Rolf Sam<br>Neue Nu\u00dfbaumer Str. 1<br>51469 Bergisch Gladbach<br>Telefon: +49 2202-24150<br>Email: r.sam@grosse-gladbacher.de<\/p>\n\n\n\n<p><\/p>\n\n\n\n<h2 class=\"wp-block-heading\">Registereintrag:<\/h2>\n\n\n\n<p>Eintragung im Vereinsregister.<br>Registergericht: Amtsgericht&nbsp;K\u00f6ln<br>Registernummer: <span style=\"color: #000000;\">VR 501064<\/span><\/p>\n\n\n\n<h2 class=\"wp-block-heading\">Steuernummer:<\/h2>\n\n\n\n<p>204\/5811\/0105<\/p>\n\n\n\n<h2 class=\"wp-block-heading\">Kontoverbindung:<\/h2>\n\n\n\n<p><strong><em>VR Bank eG Bergisch Gladbach - Leverkusen<\/em><\/strong><br>IBAN: DE67 3706 2600 3205 0830 13<br>BIC: GENODED1PAF<\/p>\n\n\n\n<h2 class=\"wp-block-heading\">Quellenangaben f\u00fcr die verwendeten Bilder und Grafiken:<\/h2>\n\n\n\n<p><a href=\"http:\/\/www.grosse-gladbacher.de\">http:\/\/www.grosse-gladbacher.de<\/a><br>Mitglieder und Freunde des Senats<\/p>\n\n\n\n<h2 class=\"wp-block-heading\">Webdesign:<\/h2>\n\n\n\n<p><a href=\"http:\/\/www.bit-con.eu\" target=\"_blank\" rel=\"noopener\"><img loading=\"lazy\" decoding=\"async\" class=\"alignnone wp-image-174\" src=\"http:\/\/senat-grossegladbacher.de\/wp-content\/uploads\/2016\/01\/bitcon-final_20140627-Kopie-250pixel.jpg\" alt=\"bitcon-final_20140627 Kopie 250pixel\" width=\"90\" height=\"41\"><\/a><br>Bittner Consulting<br>J\u00fcrgen Bittner<br>Paul-Ehrlich-Str. 7<br>51465 Bergisch Gladbach<br><a href=\"http:\/\/www.bit-con.eu\" target=\"_blank\" rel=\"noopener\">http:\/\/www.bit-con.eu<\/a><\/p>\n\n\n\n<p>Quelle: <em><a href=\"http:\/\/www.e-recht24.de\/impressum-generator.html\" rel=\"nofollow\">http:\/\/www.e-recht24.de<\/a><\/em><\/p>\n\n\n\n<h1 class=\"wp-block-heading\">&nbsp;<\/h1>\n","protected":false},"excerpt":{"rendered":"<p>Angaben gem\u00e4\u00df \u00a7 5 TMG: Senat der Gro\u00dfen Gladbacher KG e.V.c\/o Rolf SamNeue Nu\u00dfbaumer Str. 151469 Bergisch GladbachEmail: r.sam@grosse-gladbacher.de Vertreten durch: Senatspr\u00e4sidentRolf SamNeue Nu\u00dfbaumer Str. 151469 Bergisch GladbachTelefon: +49 2202-24150Email: r.sam@grosse-gladbacher.de Registereintrag: Eintragung im Vereinsregister.Registergericht: Amtsgericht&nbsp;K\u00f6lnRegisternummer: VR 501064 Steuernummer: 204\/5811\/0105 <a class=\"more-link\" href=\"https:\/\/senat-grossegladbacher.de\/?page_id=82\"><span class=\"screen-reader-text\">  Impressum<\/span> weiterlesen<span class=\"meta-nav\">&rarr;<\/span><\/a><\/p>\n","protected":false},"author":1,"featured_media":0,"parent":0,"menu_order":0,"comment_status":"closed","ping_status":"closed","template":"","meta":{"footnotes":""},"class_list":["post-82","page","type-page","status-publish","hentry"],"_links":{"self":[{"href":"https:\/\/senat-grossegladbacher.de\/index.php?rest_route=\/wp\/v2\/pages\/82","targetHints":{"allow":["GET"]}}],"collection":[{"href":"https:\/\/senat-grossegladbacher.de\/index.php?rest_route=\/wp\/v2\/pages"}],"about":[{"href":"https:\/\/senat-grossegladbacher.de\/index.php?rest_route=\/wp\/v2\/types\/page"}],"author":[{"embeddable":true,"href":"https:\/\/senat-grossegladbacher.de\/index.php?rest_route=\/wp\/v2\/users\/1"}],"replies":[{"embeddable":true,"href":"https:\/\/senat-grossegladbacher.de\/index.php?rest_route=%2Fwp%2Fv2%2Fcomments&post=82"}],"version-history":[{"count":35,"href":"https:\/\/senat-grossegladbacher.de\/index.php?rest_route=\/wp\/v2\/pages\/82\/revisions"}],"predecessor-version":[{"id":2275,"href":"https:\/\/senat-grossegladbacher.de\/index.php?rest_route=\/wp\/v2\/pages\/82\/revisions\/2275"}],"wp:attachment":[{"href":"https:\/\/senat-grossegladbacher.de\/index.php?rest_route=%2Fwp%2Fv2%2Fmedia&parent=82"}],"curies":[{"name":"wp","href":"https:\/\/api.w.org\/{rel}","templated":true}]}}