{"id":664,"date":"2016-05-24T13:38:03","date_gmt":"2016-05-24T11:38:03","guid":{"rendered":"http:\/\/senat-grossegladbacher.de\/?page_id=664"},"modified":"2016-05-24T13:38:03","modified_gmt":"2016-05-24T11:38:03","slug":"wandertag-2010","status":"publish","type":"page","link":"https:\/\/senat-grossegladbacher.de\/?page_id=664","title":{"rendered":"Wandertag 2010"},"content":{"rendered":"<h3>Senatswandertag 2010 am 26.09.2010<\/h3>\r\n<p>Angeblich gibt\u2019s kein schlechtes Wetter, sondern nur schlechte Kleidung. Die Senatorinnen und Senatoren, die traditionell auch den diesj\u00e4hrigen Wandertag vorbereiteten und organisierten, lassen sich auf solch akademische Spitzfindigkeiten erst gar nicht ein \u2013 sie lassen einfach die Sonne scheinen, so zum Beispiel wenn Wandertag ist, n\u00e4mlich am 26.09.2010.<br>\r\nDieser exakt terminierte, trockene, sonnige Tag (Sonntag) ragte einer Trotzburg gleich aus dem Meer der ihn vorausgehenden und folgenden f\u00fcrchterlichen Regentage. Eine gute Organisation (Heinz Braun) k\u00fcmmert sich eben um alles, auch um Kleinigkeiten, und seien sie noch so wichtig.<\/p>\r\n\r\n<p>Grillplatz H\u00fcttchen, die Mutter aller Grillpl\u00e4tze und Grillh\u00fctten im Rheinisch-Bergischen Kreis, war Ausgangspunkt und Ziel einer physisch nicht anspruchslosen Wanderung zur Mauer der Dh\u00fcnntalsperre. So h\u00e4ufig Gef\u00e4ll- und Steigstrecken aufeinanderfolgten, so hinrei\u00dfend und abwechselungsreich, so unterschiedlich war der Blick ins Bergische Land und \u00fcber seine sanften H\u00fcgel, so eindringlich wirkte die Ruhe, die vom gro\u00dfen Wasser der Talsperre emporstieg. F\u00fcr einige der Wandersenatoren war der Fu\u00dfweg \u00fcber den Staudamm eine Premiere, und damit hatte sich die Teilnahme bereits gelohnt. Die M\u00fche des etwas beschwerlicheren R\u00fcckweges von der Mauer (im Tal \u2013 wo denn sonst?) zur Grillh\u00fctte (auf dem Berg - reine Schikane!) wurden gelindert durch die nicht unberechtigte Vorfreude auf Kulinarisches. Aus Erfahrung wei\u00df man schon, dass beim Senatswandertagsdinner alles Angebotene ausgesprochen lecker ist, sodass es sich lohnt, fr\u00fchzeitig, mindestens aber rechtzeitig sich der Schlange der stets schon vor den Wanderern dort wartenden Kostg\u00e4ngern anzuschlie\u00dfen. Wer um sein leibliches Wohl dennoch besorgt ist, h\u00e4lt sich weiterhin in unmittelbarer N\u00e4he des Grills auf, um die Fortschritte des Garens aufmerksam zu verfolgen und den erl\u00f6senden Ruf \u201eFleisch ist fertig!\u201c nicht zu verpassen.<\/p>\r\n\r\n<p>Traditionell ist das Grillduell: W\u00fcrstchen: alles, was zylinderf\u00f6rmig ist und einen Durchmesser von 3,5 cm nicht \u00fcberschreitet (Mathias Fuchs) versus Kotelett, alle Handteller gro\u00dfen, flachen Fleischst\u00fccke mit und ohne Knochen (Rolf Sam). Das hitzige, schwei\u00dftreibende Ringen um die Gunst der Hungrigen f\u00f6rdert die Qualit\u00e4t und sorgt daf\u00fcr, dass die beiden Duellanten selbst leer ausgehen: Senatorischer Altruismus pur! (Meist hat aber der eine f\u00fcr den anderen und umgekehrt das beste Exemplar seiner Grillkunst zur Seite gelegt.)<\/p>\r\n\r\n<p>Im Handumdrehen haben helfende H\u00e4nde (Regie: Susanne Fuchs) die station\u00e4re Tischtennisplatte in ein \u201eTischlein-deck-dich\u201c verwandelt, und aus dem Tischlein-deck-dich wird im Handumdrehen ein zweites kulinarische Zentrum, das mit seinen vielen Zutaten erfolgreich lockt. Gleichwohl allerorten mit gro\u00dfem Appetit verzehrt wird, es ist immer wieder erstaunlich sch\u00f6n, mit welcher Hingabe gleichzeitig intensive Gespr\u00e4che gef\u00fchrt, Kinder beobachtet und Hunde nicht aus dem Auge gelassen werden: Multitasking in Echtzeit!<\/p>\r\n\r\n<p>Was viele helfende H\u00e4nde ausrichten k\u00f6nnen, erlebt man immer gegen Schluss eines Senatswandertages. Es dauert nie lange, und der Ort des Geschehens ist in seinen zuvor angetroffenen Zustand zur\u00fcckversetzt. Auch das hat Routine, ist Tradition. Aber es muss getan werden, und \u201eVun nix k\u00fctt nix!\u201c<br>\r\nInsofern galt unser aller Dankesch\u00f6n in Form eines bunten Blumenstrau\u00dfes und mit bewegenden Worten (Rolf Sam) nicht allein Susanne Fuchs, sondern auch der Motivation aller Beteiligten, diesen wirklich lohnenden Senatswandertag zuk\u00fcnftig fortzuf\u00fchren.<\/p>\r\n<p style=\"text-align: right;\">Wodife<\/p>","protected":false},"excerpt":{"rendered":"<p>Senatswandertag 2010 am 26.09.2010 Angeblich gibt\u2019s kein schlechtes Wetter, sondern nur schlechte Kleidung. Die Senatorinnen und Senatoren, die traditionell auch den diesj\u00e4hrigen Wandertag vorbereiteten und organisierten, lassen sich auf solch akademische Spitzfindigkeiten erst gar nicht ein \u2013 sie lassen einfach <a class=\"more-link\" href=\"https:\/\/senat-grossegladbacher.de\/?page_id=664\"><span class=\"screen-reader-text\">  Wandertag 2010<\/span> weiterlesen<span class=\"meta-nav\">&rarr;<\/span><\/a><\/p>\n","protected":false},"author":1,"featured_media":0,"parent":0,"menu_order":0,"comment_status":"closed","ping_status":"closed","template":"","meta":{"footnotes":""},"class_list":["post-664","page","type-page","status-publish","hentry"],"_links":{"self":[{"href":"https:\/\/senat-grossegladbacher.de\/index.php?rest_route=\/wp\/v2\/pages\/664","targetHints":{"allow":["GET"]}}],"collection":[{"href":"https:\/\/senat-grossegladbacher.de\/index.php?rest_route=\/wp\/v2\/pages"}],"about":[{"href":"https:\/\/senat-grossegladbacher.de\/index.php?rest_route=\/wp\/v2\/types\/page"}],"author":[{"embeddable":true,"href":"https:\/\/senat-grossegladbacher.de\/index.php?rest_route=\/wp\/v2\/users\/1"}],"replies":[{"embeddable":true,"href":"https:\/\/senat-grossegladbacher.de\/index.php?rest_route=%2Fwp%2Fv2%2Fcomments&post=664"}],"version-history":[{"count":3,"href":"https:\/\/senat-grossegladbacher.de\/index.php?rest_route=\/wp\/v2\/pages\/664\/revisions"}],"predecessor-version":[{"id":667,"href":"https:\/\/senat-grossegladbacher.de\/index.php?rest_route=\/wp\/v2\/pages\/664\/revisions\/667"}],"wp:attachment":[{"href":"https:\/\/senat-grossegladbacher.de\/index.php?rest_route=%2Fwp%2Fv2%2Fmedia&parent=664"}],"curies":[{"name":"wp","href":"https:\/\/api.w.org\/{rel}","templated":true}]}}