{"id":652,"date":"2016-05-24T08:48:48","date_gmt":"2016-05-24T06:48:48","guid":{"rendered":"http:\/\/senat-grossegladbacher.de\/?page_id=652"},"modified":"2016-05-24T08:48:48","modified_gmt":"2016-05-24T06:48:48","slug":"wandertag-2011","status":"publish","type":"page","link":"https:\/\/senat-grossegladbacher.de\/?page_id=652","title":{"rendered":"Wandertag 2011"},"content":{"rendered":"<h3>Senatswandertag 2011\r\nam 25.09.2011<\/h3>\r\n<p>Eine Erkenntnis zwingt sich aus den Erfahrungen der vergangenen Jahre unweigerlich auf: Petrus ist heimlicher Ehrensenator auf Lebenszeit. Irgendwann in grauer Vorzeit muss Petrus die heimliche Mitgliedschaft angedient worden sein, und Petrus hat \u201eJa!\" gesagt. Allein: hier\u00fcber gibt's kein Protokoll, und Zeitzeugen gibt's auch nicht mehr.\r\nDa wir schon einmal beim Wetter sind. \u201eKaiserwetter\" soll das gewesen sein. Ohne je einen (deutschen) Kaiser erlebt zu haben, wegen der Gnade der sp\u00e4ten Geburt. Kaiser haben gegen Petrus \u00fcberhaupt keine Chance, auch beim Wetter nicht! Und wir hatten eben Petrus-Wetter! - \u00dcbrigens: Petrus garantiert uns auch f\u00fcr die kommenden Jahre sein pr\u00e4chtiges Wetter. Unser Wandertag muss nur entsprechend terminiert werden. Und daf\u00fcr haben wir Senator Heinz (Pater?) Braun. Traumwandlerisch das diesj\u00e4hrige Datum: Sonntag, 25.09.2011.<\/p>\r\n\r\n<p><a href=\"http:\/\/senat-grossegladbacher.de\/wp-content\/uploads\/2016\/05\/P9250019.jpg\" target=\"_blank\"><img loading=\"lazy\" decoding=\"async\" class=\"alignright wp-image-654 size-medium\" src=\"http:\/\/senat-grossegladbacher.de\/wp-content\/uploads\/2016\/05\/P9250019-300x225.jpg\" width=\"300\" height=\"225\" srcset=\"https:\/\/senat-grossegladbacher.de\/wp-content\/uploads\/2016\/05\/P9250019-300x225.jpg 300w, https:\/\/senat-grossegladbacher.de\/wp-content\/uploads\/2016\/05\/P9250019-768x576.jpg 768w, https:\/\/senat-grossegladbacher.de\/wp-content\/uploads\/2016\/05\/P9250019-1024x768.jpg 1024w\" sizes=\"auto, (max-width: 300px) 100vw, 300px\" \/><\/a>\r\n\r\nAlso: Bei sch\u00f6nstem Wetter machten sich einmal mehr 30 Senatorinnen und Senatoren (darunter ein radelnder Senator! - Jugend trainiert f\u00fcr Olympia! - Eine Premiere!) auf einen der zahlreichen, sehr reizvollen und abwechslungsreichen \u201eSenator-Heinz-Braun-Wege\". Das in der Weise von Heinz Braun be-Weg-te Land, seine Heimat, ist die engere und weitere Umgebung der Gro\u00dfen Dh\u00fcntalsperre. Und, gleichwohl nicht das erste Mal, die Senatswanderinnen und -wanderer genossen eine zauberhafte Landschaft, von der sie, unvoreingenommen, behauptet h\u00e4tten, diese noch nie zu Gesicht bekommen zu haben. Erinnerlich auch das stete Ab und Auf des Wanderweges, wobei die \u201eAufs\" zunehmend das eigentliches Problem darstellen: Es wird immer wahrscheinlicher, dass das \u201eBergische\" in \u201eBergisches Land\" seinem Ursprung nach doch topografischer Natur ist, was so manchen Historiker und viele Namenkundler L\u00fcgen straft.<\/p>\r\n\r\n<a href=\"http:\/\/senat-grossegladbacher.de\/wp-content\/uploads\/2016\/05\/P9250021.jpg\" target=\"_blank\"><img loading=\"lazy\" decoding=\"async\" class=\"aligncenter wp-image-655 size-medium\" src=\"http:\/\/senat-grossegladbacher.de\/wp-content\/uploads\/2016\/05\/P9250021-300x225.jpg\" width=\"300\" height=\"225\" srcset=\"https:\/\/senat-grossegladbacher.de\/wp-content\/uploads\/2016\/05\/P9250021-300x225.jpg 300w, https:\/\/senat-grossegladbacher.de\/wp-content\/uploads\/2016\/05\/P9250021-768x576.jpg 768w, https:\/\/senat-grossegladbacher.de\/wp-content\/uploads\/2016\/05\/P9250021-1024x768.jpg 1024w\" sizes=\"auto, (max-width: 300px) 100vw, 300px\" \/><\/a>\r\n\r\n<p>Bei solchen Voraussetzungen kam es leicht zu der ungew\u00f6hnlich gl\u00fcckliches Allianz von wunderbarer Natur, traumhaftem Wetter und einem von beiden fanatisierten Senat.<\/p>\r\n\r\n<p>So viel Fan macht Fun; und zwar auf die Befriedigung des leiblichen Wohls. Und dieses ist die Dom\u00e4ne eines traumhaft eingespielten Teams, wobei \u201eeingespielt\" nicht das Ergebnis aufw\u00e4ndigen Trainings ist, sondern im hiesigen Fall die Angelegenheit von Wahlverwandtschaften, Engagement und Freude am gemeinsamen Tun. Solche Teamarbeit wirkt extrem ansteckend, wie mit Augen zu sehen und mit H\u00e4nden zu greifen war.<\/p>\r\n\r\n<a href=\"http:\/\/senat-grossegladbacher.de\/wp-content\/uploads\/2016\/05\/P9250029.jpg\" target=\"_blank\"><img loading=\"lazy\" decoding=\"async\" class=\"aligncenter wp-image-657 size-medium\" src=\"http:\/\/senat-grossegladbacher.de\/wp-content\/uploads\/2016\/05\/P9250029-300x225.jpg\" width=\"300\" height=\"225\" srcset=\"https:\/\/senat-grossegladbacher.de\/wp-content\/uploads\/2016\/05\/P9250029-300x225.jpg 300w, https:\/\/senat-grossegladbacher.de\/wp-content\/uploads\/2016\/05\/P9250029-768x576.jpg 768w, https:\/\/senat-grossegladbacher.de\/wp-content\/uploads\/2016\/05\/P9250029-1024x768.jpg 1024w\" sizes=\"auto, (max-width: 300px) 100vw, 300px\" \/><\/a>\r\n\r\n<p>Die \u201eHeinz-Braun-Grillh\u00fctte\" in H\u00fcttchen und die diese umgebenden Auen verwandelten sich nach dem Kr\u00e4fte zehrenden Wanderspaziergang vor\u00fcbergehend und f\u00fcr kurze Zeit in ein kleines, veritables Schlaraffenland.<\/p>\r\n\r\n<a href=\"http:\/\/senat-grossegladbacher.de\/wp-content\/uploads\/2016\/05\/P9250023.jpg\" target=\"_blank\"><img loading=\"lazy\" decoding=\"async\" class=\"aligncenter wp-image-656 size-medium\" src=\"http:\/\/senat-grossegladbacher.de\/wp-content\/uploads\/2016\/05\/P9250023-300x225.jpg\" width=\"300\" height=\"225\" srcset=\"https:\/\/senat-grossegladbacher.de\/wp-content\/uploads\/2016\/05\/P9250023-300x225.jpg 300w, https:\/\/senat-grossegladbacher.de\/wp-content\/uploads\/2016\/05\/P9250023-768x576.jpg 768w, https:\/\/senat-grossegladbacher.de\/wp-content\/uploads\/2016\/05\/P9250023-1024x768.jpg 1024w\" sizes=\"auto, (max-width: 300px) 100vw, 300px\" \/><\/a>\r\n\r\n<p>Landesmutter: Susanne Fuchs, umsichtig, routiniert, wirkungsvoll; sekundiert von den Staatsministern f\u00fcr Organisation, Infrastruktur und Alimentation Rolf Sam sowie f\u00fcr Energie, Kohle und Wettbewerb Mathias Fuchs. Diese Landesregierung ist nicht gew\u00e4hlt worden, besitzt keine demokratische Legitimation. Aber sie tut, sie handelt; in eigener Verantwortung und Motivation, mit Spa\u00df und Freude, uneigenn\u00fctzig, kreativ - und f\u00fcr andere: Dienstleistung pur, just for fun! \u2013<\/p>\r\n\r\n<p>Der Senat hat sich t\u00fcchtig zu bedanken und freut sich auf den n\u00e4chsten Wandertag.<\/p>\r\n<p style=\"text-align: right;\">wodife<\/p>","protected":false},"excerpt":{"rendered":"<p>Senatswandertag 2011 am 25.09.2011 Eine Erkenntnis zwingt sich aus den Erfahrungen der vergangenen Jahre unweigerlich auf: Petrus ist heimlicher Ehrensenator auf Lebenszeit. Irgendwann in grauer Vorzeit muss Petrus die heimliche Mitgliedschaft angedient worden sein, und Petrus hat \u201eJa!&#8220; gesagt. Allein: <a class=\"more-link\" href=\"https:\/\/senat-grossegladbacher.de\/?page_id=652\"><span class=\"screen-reader-text\">  Wandertag 2011<\/span> weiterlesen<span class=\"meta-nav\">&rarr;<\/span><\/a><\/p>\n","protected":false},"author":1,"featured_media":0,"parent":0,"menu_order":0,"comment_status":"closed","ping_status":"closed","template":"","meta":{"footnotes":""},"class_list":["post-652","page","type-page","status-publish","hentry"],"_links":{"self":[{"href":"https:\/\/senat-grossegladbacher.de\/index.php?rest_route=\/wp\/v2\/pages\/652","targetHints":{"allow":["GET"]}}],"collection":[{"href":"https:\/\/senat-grossegladbacher.de\/index.php?rest_route=\/wp\/v2\/pages"}],"about":[{"href":"https:\/\/senat-grossegladbacher.de\/index.php?rest_route=\/wp\/v2\/types\/page"}],"author":[{"embeddable":true,"href":"https:\/\/senat-grossegladbacher.de\/index.php?rest_route=\/wp\/v2\/users\/1"}],"replies":[{"embeddable":true,"href":"https:\/\/senat-grossegladbacher.de\/index.php?rest_route=%2Fwp%2Fv2%2Fcomments&post=652"}],"version-history":[{"count":5,"href":"https:\/\/senat-grossegladbacher.de\/index.php?rest_route=\/wp\/v2\/pages\/652\/revisions"}],"predecessor-version":[{"id":661,"href":"https:\/\/senat-grossegladbacher.de\/index.php?rest_route=\/wp\/v2\/pages\/652\/revisions\/661"}],"wp:attachment":[{"href":"https:\/\/senat-grossegladbacher.de\/index.php?rest_route=%2Fwp%2Fv2%2Fmedia&parent=652"}],"curies":[{"name":"wp","href":"https:\/\/api.w.org\/{rel}","templated":true}]}}