{"id":64,"date":"2016-01-15T13:06:48","date_gmt":"2016-01-15T12:06:48","guid":{"rendered":"http:\/\/senat-grossegladbacher.de\/?page_id=64"},"modified":"2016-05-12T12:39:16","modified_gmt":"2016-05-12T10:39:16","slug":"links","status":"publish","type":"page","link":"https:\/\/senat-grossegladbacher.de\/?page_id=64","title":{"rendered":"Links"},"content":{"rendered":"<p><a href=\"http:\/\/www.grossegladbacher-kg.de\" target=\"_blank\"><img loading=\"lazy\" decoding=\"async\" class=\"alignnone wp-image-193\" src=\"http:\/\/senat-grossegladbacher.de\/wp-content\/uploads\/2016\/01\/10628201_827616397282926_7100266130733200534_n.jpg\" alt=\"10628201_827616397282926_7100266130733200534_n\" width=\"150\" height=\"150\" srcset=\"https:\/\/senat-grossegladbacher.de\/wp-content\/uploads\/2016\/01\/10628201_827616397282926_7100266130733200534_n.jpg 300w, https:\/\/senat-grossegladbacher.de\/wp-content\/uploads\/2016\/01\/10628201_827616397282926_7100266130733200534_n-150x150.jpg 150w\" sizes=\"auto, (max-width: 150px) 100vw, 150px\" \/>\u00a0<\/a><\/p>\r\n<p>Gro\u00dfe Bergisch Gladbacher Karnevalsgesellschaft von 1927 e.V.<\/p>\r\n\r\n<p><a href=\"http:\/\/www.strunde-paenz.de\" target=\"_blank\"><img loading=\"lazy\" decoding=\"async\" class=\"alignnone wp-image-190\" src=\"http:\/\/senat-grossegladbacher.de\/wp-content\/uploads\/2016\/01\/strunde-paenz_logo.png\" alt=\"strunde-paenz_logo\" width=\"150\" height=\"154\" \/><\/a><\/p>\r\n<p>Strunde-P\u00e4nz der Gro\u00dfen Gladbacher K.G.<\/p>\r\n\r\n<p><a href=\"http:\/\/www.prinzengarde-gl.de\" target=\"_blank\"><img loading=\"lazy\" decoding=\"async\" class=\"alignnone wp-image-189 \" src=\"http:\/\/senat-grossegladbacher.de\/wp-content\/uploads\/2016\/01\/prinzengarde_logo.png\" alt=\"prinzengarde_logo\" width=\"150\" height=\"150\" \/><\/a><\/p>\r\n<p>Prinzengarde der Gro\u00dfen Gladbacher K.G.<\/p>","protected":false},"excerpt":{"rendered":"<p>\u00a0 Gro\u00dfe Bergisch Gladbacher Karnevalsgesellschaft von 1927 e.V. Strunde-P\u00e4nz der Gro\u00dfen Gladbacher K.G. Prinzengarde der Gro\u00dfen Gladbacher K.G.<\/p>\n","protected":false},"author":1,"featured_media":0,"parent":0,"menu_order":0,"comment_status":"closed","ping_status":"closed","template":"","meta":{"footnotes":""},"class_list":["post-64","page","type-page","status-publish","hentry"],"_links":{"self":[{"href":"https:\/\/senat-grossegladbacher.de\/index.php?rest_route=\/wp\/v2\/pages\/64","targetHints":{"allow":["GET"]}}],"collection":[{"href":"https:\/\/senat-grossegladbacher.de\/index.php?rest_route=\/wp\/v2\/pages"}],"about":[{"href":"https:\/\/senat-grossegladbacher.de\/index.php?rest_route=\/wp\/v2\/types\/page"}],"author":[{"embeddable":true,"href":"https:\/\/senat-grossegladbacher.de\/index.php?rest_route=\/wp\/v2\/users\/1"}],"replies":[{"embeddable":true,"href":"https:\/\/senat-grossegladbacher.de\/index.php?rest_route=%2Fwp%2Fv2%2Fcomments&post=64"}],"version-history":[{"count":11,"href":"https:\/\/senat-grossegladbacher.de\/index.php?rest_route=\/wp\/v2\/pages\/64\/revisions"}],"predecessor-version":[{"id":471,"href":"https:\/\/senat-grossegladbacher.de\/index.php?rest_route=\/wp\/v2\/pages\/64\/revisions\/471"}],"wp:attachment":[{"href":"https:\/\/senat-grossegladbacher.de\/index.php?rest_route=%2Fwp%2Fv2%2Fmedia&parent=64"}],"curies":[{"name":"wp","href":"https:\/\/api.w.org\/{rel}","templated":true}]}}