{"id":601,"date":"2016-05-24T08:04:10","date_gmt":"2016-05-24T06:04:10","guid":{"rendered":"http:\/\/senat-grossegladbacher.de\/?page_id=601"},"modified":"2016-05-24T08:04:10","modified_gmt":"2016-05-24T06:04:10","slug":"reise-nach-prag-2012","status":"publish","type":"page","link":"https:\/\/senat-grossegladbacher.de\/?page_id=601","title":{"rendered":"Reise nach Prag 2012"},"content":{"rendered":"<h3>Reise des Senats der Gro\u00dfen Gladbacher nach Prag\r\nVom 29.09.2012 bis zum 03.10.2012<\/h3>\r\n<p>Um mit dem Fazit zu beginnen: Diese Reise reiht sich ein in die Reihe der gelungenen Reisen.<br>\r\nDas sp\u00fcrbar zunehmende Wohlgef\u00fchl der teilnehmenden Senatorinnen, Senatoren, Freundinnen und Freunde n\u00e4hrte untr\u00fcgerisch diese Einsch\u00e4tzung, der herzliche Dank an die Reiseleitung letztlich den Beweis f\u00fcr deren Validit\u00e4t.<\/p>\r\n\r\n<p>Anders als die Reisen zuvor lag die Organisation dieser Senatsreise bei der Thomas-Morus-Akademie Bensberg. Kein Sprung ins kalte Wasser, sondern die \u00dcberantwortung in kompetente, einfallsreiche, sorgf\u00e4ltige H\u00e4nde von Fachleuten, die ihr \u201eHandwerk\u201c wirklich beherrschen. Dar\u00fcber hinaus: Ein ebenso fachkundiger wie sympathischer Reiseleiter, der uns in Wahn in Empfang nahm und dort auch verabschiedete: Rainer Thiesen, Kunsthistoriker!<\/p>\r\n\r\n<p><a href=\"http:\/\/senat-grossegladbacher.de\/wp-content\/uploads\/2016\/05\/IMG_4192_korr.jpg\" target=\"_blank\"><img loading=\"lazy\" decoding=\"async\" class=\"alignright wp-image-608 size-medium\" src=\"http:\/\/senat-grossegladbacher.de\/wp-content\/uploads\/2016\/05\/IMG_4192_korr-300x200.jpg\" alt=\"IMG_4192_korr\" width=\"300\" height=\"200\" srcset=\"https:\/\/senat-grossegladbacher.de\/wp-content\/uploads\/2016\/05\/IMG_4192_korr-300x200.jpg 300w, https:\/\/senat-grossegladbacher.de\/wp-content\/uploads\/2016\/05\/IMG_4192_korr-768x512.jpg 768w, https:\/\/senat-grossegladbacher.de\/wp-content\/uploads\/2016\/05\/IMG_4192_korr-1024x682.jpg 1024w, https:\/\/senat-grossegladbacher.de\/wp-content\/uploads\/2016\/05\/IMG_4192_korr.jpg 1772w\" sizes=\"auto, (max-width: 300px) 100vw, 300px\" \/><\/a>Prag, slata praha, das goldene Prag: Ein Reiseziel, das f\u00fcr uns \u201ebei-nahe-K\u00f6lner\u201c \u00fcberaus reizvoll, emotional bewegend ist, denn hier begegnet (auch) eine architektonisch \u201eheile Welt\u201c. Prags Geb\u00e4ude haben in der (auch) j\u00fcngsten Vergangenheit durch Kriegseinwirkung kaum gelitten. Man begegnet in Prag lebendiger Architektur der Gegenwart und l\u00e4ngst vergangener Tage:<\/p>\r\n\r\n<p><a href=\"http:\/\/senat-grossegladbacher.de\/wp-content\/uploads\/2016\/05\/IMG_4496_korr.jpg\" target=\"_blank\"><img loading=\"lazy\" decoding=\"async\" class=\"alignleft wp-image-614 size-medium\" src=\"http:\/\/senat-grossegladbacher.de\/wp-content\/uploads\/2016\/05\/IMG_4496_korr-300x200.jpg\" alt=\"IMG_4496_korr\" width=\"300\" height=\"200\" srcset=\"https:\/\/senat-grossegladbacher.de\/wp-content\/uploads\/2016\/05\/IMG_4496_korr-300x200.jpg 300w, https:\/\/senat-grossegladbacher.de\/wp-content\/uploads\/2016\/05\/IMG_4496_korr-768x512.jpg 768w, https:\/\/senat-grossegladbacher.de\/wp-content\/uploads\/2016\/05\/IMG_4496_korr-1024x682.jpg 1024w, https:\/\/senat-grossegladbacher.de\/wp-content\/uploads\/2016\/05\/IMG_4496_korr.jpg 1772w\" sizes=\"auto, (max-width: 300px) 100vw, 300px\" \/><\/a>In Wohngeb\u00e4uden, in denen schon im 15. Jh. Prager B\u00fcrger wohnten, wohnen heute deren \u201eNachmieter\u201c. Das Haus der Familie Parler (1330 \u2013 1399) ist immer noch Wohnhaus. Das Theater (Opernhaus), in dem Wolfgang Amadeus Mozart seinen Ger\u00fcchte umwobenen \u201eDon Giovanni\u201c sehr erfolgreich urauff\u00fchrte (1787), das TYL-Theater, \u201cTylovo divadlo\u201c * erbaut von 1781 bis 1783, ist heute t\u00e4glich genutztes Spartentheater. Und das Geb\u00e4ude nebenan, die am 07.04.1348 von Karl IV. gegr\u00fcndete erste Universit\u00e4t im Heiligen R\u00f6mischen Reich Deutscher Nation, hat Umbauten, Renovierungen, Erweiterungen und Verwahrlosungen erlebt, \u00fcberlebt und wird heute Tag f\u00fcr Tag genutzt, an ein und demselben Standort.<\/p>\r\n\r\n<p>Freilich: Solche historischen Geb\u00e4ude haben bauliche Eingriffe welcher Art auch immer \u00fcber sich ergehen lassen m\u00fcssen. Nur: Diese Geb\u00e4ude lie\u00dfen sich reparieren, umbauen, renovieren \u2026 mussten nicht angerissen werden, weil Wert verbessernde bauliche Ma\u00dfnahmen unvergleichlich teurer geworden w\u00e4ren als Abriss und Neubau. <a href=\"http:\/\/senat-grossegladbacher.de\/wp-content\/uploads\/2016\/05\/IMG_4474_korr.jpg\" target=\"_blank\"><img loading=\"lazy\" decoding=\"async\" class=\"alignright wp-image-613 size-medium\" src=\"http:\/\/senat-grossegladbacher.de\/wp-content\/uploads\/2016\/05\/IMG_4474_korr-300x200.jpg\" alt=\"IMG_4474_korr\" width=\"300\" height=\"200\" srcset=\"https:\/\/senat-grossegladbacher.de\/wp-content\/uploads\/2016\/05\/IMG_4474_korr-300x200.jpg 300w, https:\/\/senat-grossegladbacher.de\/wp-content\/uploads\/2016\/05\/IMG_4474_korr-768x512.jpg 768w, https:\/\/senat-grossegladbacher.de\/wp-content\/uploads\/2016\/05\/IMG_4474_korr-1024x682.jpg 1024w, https:\/\/senat-grossegladbacher.de\/wp-content\/uploads\/2016\/05\/IMG_4474_korr.jpg 1772w\" sizes=\"auto, (max-width: 300px) 100vw, 300px\" \/><\/a>Deshalb verf\u00fcgt das TYL-Theater heute, nach Sanierung, \u00fcber ein originales Exterieur und eine B\u00fchne mit modernster Technik und Beleuchtung, alles selbstverst\u00e4ndlich digitalisiert. \u2013 In K\u00f6ln war man drauf und dran, die Riphahn-Oper (1957 mit Oberon er\u00f6ffnet!) dieser Kostengr\u00fcnde wegen platt zu machen.<\/p>\r\n\r\n<p><a href=\"http:\/\/senat-grossegladbacher.de\/wp-content\/uploads\/2016\/05\/IMG_4183_korr.jpg\" target=\"_blank\"><img loading=\"lazy\" decoding=\"async\" class=\"alignleft wp-image-607 size-medium\" src=\"http:\/\/senat-grossegladbacher.de\/wp-content\/uploads\/2016\/05\/IMG_4183_korr-200x300.jpg\" alt=\"IMG_4183_korr\" width=\"200\" height=\"300\" srcset=\"https:\/\/senat-grossegladbacher.de\/wp-content\/uploads\/2016\/05\/IMG_4183_korr-200x300.jpg 200w, https:\/\/senat-grossegladbacher.de\/wp-content\/uploads\/2016\/05\/IMG_4183_korr-768x1152.jpg 768w, https:\/\/senat-grossegladbacher.de\/wp-content\/uploads\/2016\/05\/IMG_4183_korr-682x1024.jpg 682w, https:\/\/senat-grossegladbacher.de\/wp-content\/uploads\/2016\/05\/IMG_4183_korr.jpg 1181w\" sizes=\"auto, (max-width: 200px) 100vw, 200px\" \/><\/a>Staunend nimmt der Prag-Besucher diese lebendige Vergangenheit auf, l\u00e4sst sich faszinieren und ist zugleich deprimiert, wenn er an zu Hause denkt, daran, was bei uns die Bomben des Zweiten Weltkrieges an heimatlichen Geb\u00e4uden vernichtet haben und was dem Wahn der \u201eAuto gerechten Stadt\u201c allein in K\u00f6ln Ende der f\u00fcnfziger, Anfang der sechziger Jahre zum Opfer gefallen ist.<\/p>\r\n\r\n<p>Niemandem und nichts zum Opfer gefallen ist Prags Jugendstil-Architektur. Dem gl\u00fccklichen Zufall ist es zu verdanken, dass unsere Unterkunft das \u201eHotel Imperial\u201c war: Ein Jugendstil-Bau aus den ersten Jahren des vorigen Jh., der den Hotelgast erleben lie\u00df, dass Jugendstil nicht allein, exklusiv eine Fassaden-Architektur gewesen ist, sondern eine ganzheitliche Kunsthaltung mit totalem Gestaltungswillen, dergestalt, dass auch das Interieur vollst\u00e4ndig bis ins Detail (T\u00fcrbeschl\u00e4ge, Essbestecke, Wandbekleidungen) \u201egestylt\u201c wird.<\/p>\r\n\r\n<p><a href=\"http:\/\/senat-grossegladbacher.de\/wp-content\/uploads\/2016\/05\/IMG_4207_korr.jpg\" target=\"_blank\"><img loading=\"lazy\" decoding=\"async\" class=\"alignright wp-image-609 size-medium\" src=\"http:\/\/senat-grossegladbacher.de\/wp-content\/uploads\/2016\/05\/IMG_4207_korr-300x200.jpg\" alt=\"IMG_4207_korr\" width=\"300\" height=\"200\" srcset=\"https:\/\/senat-grossegladbacher.de\/wp-content\/uploads\/2016\/05\/IMG_4207_korr-300x200.jpg 300w, https:\/\/senat-grossegladbacher.de\/wp-content\/uploads\/2016\/05\/IMG_4207_korr-768x512.jpg 768w, https:\/\/senat-grossegladbacher.de\/wp-content\/uploads\/2016\/05\/IMG_4207_korr-1024x682.jpg 1024w, https:\/\/senat-grossegladbacher.de\/wp-content\/uploads\/2016\/05\/IMG_4207_korr.jpg 1772w\" sizes=\"auto, (max-width: 300px) 100vw, 300px\" \/><\/a>Das Juwel solcher ganzheitlichen Architektenkunst ist das Gemeinde- oder Repr\u00e4sentationshaus am Platz der Republik. Das Haus verf\u00fcgt \u00fcber sehr viele, unterschiedlich gro\u00dfe Veranstaltungsr\u00e4ume bis hin zum riesigen und pr\u00e4chtigen Smetana-Saal, ein Konzert-Saal, dessen Akustik in der Welt ihres Gleichen sucht. Und alles, wohin man blickt, geht, wo man sich aufh\u00e4lt, f\u00fcgt sich der Gesamtheit gleichberechtigter Vielfalt. Sogar der Pulverturm aus dem Jahr 1475 ist integraler Bestandteil. Einer Vielzahl von damals bedeutenden Architekten gab man Gelegenheit, ihren Beitrag zum Gelingen dieses grandiosen Geb\u00e4udes zu leisten. Und wenn das Geb\u00e4ude heute \u201erund um die Uhr\u201c genutzt wird, nimmt es keinen Schaden.<\/p>\r\n\r\n<p>Eindringlich ist auch die Pr\u00e4senz J\u00fcdischer Kultur; nicht allein wegen des musealen Friedhofes oder der verschroben-putzigen Alt-Neu-Synagoge, sondern wegen der Josefstadt, ein \u201eVeedel\u201c, dessen Pendant in K\u00f6ln z. B. durch Verbrechen unserer Nazi-Vorfahren mit Mann und Haus \u201eausradiert\u201c wurde und uns heute fehlt. Man muss sich nach Prag begeben, um koschere Gastst\u00e4tten aufsuchen oder in koscheren Metzgereien einkaufen zu k\u00f6nnen. <a href=\"http:\/\/senat-grossegladbacher.de\/wp-content\/uploads\/2016\/05\/Kafka.jpg\" target=\"_blank\"><img loading=\"lazy\" decoding=\"async\" class=\"wp-image-615 size-medium alignright\" src=\"http:\/\/senat-grossegladbacher.de\/wp-content\/uploads\/2016\/05\/Kafka-300x76.jpg\" alt=\"Kafka\" width=\"300\" height=\"76\" srcset=\"https:\/\/senat-grossegladbacher.de\/wp-content\/uploads\/2016\/05\/Kafka-300x76.jpg 300w, https:\/\/senat-grossegladbacher.de\/wp-content\/uploads\/2016\/05\/Kafka-768x194.jpg 768w, https:\/\/senat-grossegladbacher.de\/wp-content\/uploads\/2016\/05\/Kafka-1024x258.jpg 1024w, https:\/\/senat-grossegladbacher.de\/wp-content\/uploads\/2016\/05\/Kafka.jpg 1524w\" sizes=\"auto, (max-width: 300px) 100vw, 300px\" \/><\/a>Und im Stra\u00dfencaf\u00e9 im Geburtshaus von Franz Kafka genie\u00dft man gedankenverloren auffrischende (oder \u2013w\u00e4rmende) K\u00f6stlichkeiten (hei\u00dfe Schokolade mit Rum).<\/p>\r\n\r\n<p>Mag sein, dass Prag deshalb so fasziniert, weil der touristische Besucher sich erst einmal nur die Altstadt, die Kleinseite und den Hradschin (Prager Burg) anschaut und tief beeindruckt ist, von dieser \u201ePostkarten-Idylle\u201c. Die Millionenstadt Prag breitet sich um dieses Zentrum aus einschlie\u00dflich aller Accessoires, die in Prag ebenso aussehen und funktionieren wie in allen anderen europ\u00e4ischen Gro\u00dfst\u00e4dten. Der K\u00f6lner an sich wei\u00df: De Haupsaach es, et H\u00e4tz es joot. <a href=\"http:\/\/senat-grossegladbacher.de\/wp-content\/uploads\/2016\/05\/IMG_4439_korr.jpg\" target=\"_blank\"><img loading=\"lazy\" decoding=\"async\" class=\"alignleft wp-image-612 size-medium\" src=\"http:\/\/senat-grossegladbacher.de\/wp-content\/uploads\/2016\/05\/IMG_4439_korr-200x300.jpg\" alt=\"IMG_4439_korr\" width=\"200\" height=\"300\" srcset=\"https:\/\/senat-grossegladbacher.de\/wp-content\/uploads\/2016\/05\/IMG_4439_korr-200x300.jpg 200w, https:\/\/senat-grossegladbacher.de\/wp-content\/uploads\/2016\/05\/IMG_4439_korr-768x1152.jpg 768w, https:\/\/senat-grossegladbacher.de\/wp-content\/uploads\/2016\/05\/IMG_4439_korr-682x1024.jpg 682w, https:\/\/senat-grossegladbacher.de\/wp-content\/uploads\/2016\/05\/IMG_4439_korr.jpg 1181w\" sizes=\"auto, (max-width: 200px) 100vw, 200px\" \/><\/a>So auch in Prag: Die drei haupts\u00e4chlich frequentierten Ur-Stadtteile und die Karlsbr\u00fccke (Baubeginn 1357 unter Karl IV., Baumeister: Peter Parler; Bauende Anfang 15. Jh.) bilden das Herzst\u00fcck, das gute Herz, das die Stadt pulsieren l\u00e4sst. Weil dem so ist, vers\u00e4umen es die Prager nicht, ihre wunderbaren Kleinodien auch bei Dunkelheit gut aussehen zu lassen. Er ist schon ein nachhaltiges Erlebnis, der n\u00e4chtliche Blick von einer Dachterrasse auf die raffiniert angestrahlte Burg, die durch Lichteffekte scheinbar schwebende Karlsbr\u00fccke und die im Kunstlicht besonders hell strahlenden goldenen Kugeln, die z. B. auch die Turmspitzen der Teinkirche zieren. Zumal, wenn man gerade ein vorz\u00fcgliches Abendessen genossen hat und das auch noch im schr\u00e4gsten Hause Prags, das nicht etwa wegen der vielen Jahre auf dem Buckel schr\u00e4g geworden ist. Dessen Architekt hatte die Idee eines tanzenden Hauses und bekam den Auftrag, die h\u00e4ssliche L\u00fccke in der H\u00e4userfront direkt am Moldau-Ufer der Neustadt zu schlie\u00dfen. Diese L\u00fccke hatte eine amerikanische Fliegerbombe, die irrt\u00fcmlich abgeworfen wurde, hier angerichtet. Sie war gl\u00fccklicherweise die einzige Bombe auf Prag.<\/p>\r\n\r\n<p>Nicht nur der Vollst\u00e4ndigkeit halber muss erw\u00e4hnt werden, dass wir den Blick auch \u00fcber den Tellerrand wagten: ein Nachmittag auf dem Vy\u0161ehrad; Hinweg: Stra\u00dfenbahn und Spaziergang bergauf; R\u00fcckweg: U-Bahn; mit dem Taxi, wer es bequem haben mochte. Von dem der Burg gegen\u00fcber liegenden H\u00fcgel Prags bieten sich ganz ungekannte Ausblicke auf die Stadt, auf den gr\u00f6\u00dften Teil der Stadt, und man erh\u00e4lt einen aufschlussreicheren Eindruck von deren Gr\u00f6\u00dfe. \u2013 <a href=\"http:\/\/senat-grossegladbacher.de\/wp-content\/uploads\/2016\/05\/P1020343-neue-Groesse.jpg\" target=\"_blank\"><img loading=\"lazy\" decoding=\"async\" class=\"wp-image-617 size-medium alignleft\" src=\"http:\/\/senat-grossegladbacher.de\/wp-content\/uploads\/2016\/05\/P1020343-neue-Groesse-225x300.jpg\" alt=\"P1020343-neue Groesse\" width=\"225\" height=\"300\" srcset=\"https:\/\/senat-grossegladbacher.de\/wp-content\/uploads\/2016\/05\/P1020343-neue-Groesse-225x300.jpg 225w, https:\/\/senat-grossegladbacher.de\/wp-content\/uploads\/2016\/05\/P1020343-neue-Groesse-768x1024.jpg 768w, https:\/\/senat-grossegladbacher.de\/wp-content\/uploads\/2016\/05\/P1020343-neue-Groesse.jpg 1189w\" sizes=\"auto, (max-width: 225px) 100vw, 225px\" \/><\/a>Ein anderer Nachmittag gab uns Gelegenheit, mit einer christlichen Familie zu sprechen, die aus ihrem Glauben und der Zugeh\u00f6rigkeit zur Katholischen Kirche keinen Hehl gemacht hat w\u00e4hrend der gesamten Zeit der kommunistischen Diktatur. Ein hoch emotionales Erlebnis, das kaum jemand in der Qualit\u00e4t erwartet hatte, zeigte sich doch, dass Menschen sehr vieler und sehr unterschiedlicher Couleur in der Lage sind, fast identische Unmenschlichkeiten zu entwickeln und einzusetzen, wenn es darum geht, Macht zu beschaffen, zu besitzen und zu erhalten. Das kannten die meisten von uns - Gott sei Dank! - bis dahin nur aus Geschichtsb\u00fcchern. Jetzt war es lebendige Vergangenheit. Und jeder zog f\u00fcr sich die Konsequenz, dass wir die Wiederholung solcher Geschichte und Geschichten mit den uns zur Verf\u00fcgung stehenden Mitteln verhindern m\u00fcssen.<\/p>\r\n\r\n<p><a href=\"http:\/\/senat-grossegladbacher.de\/wp-content\/uploads\/2016\/05\/IMG_4308_korr.jpg\" target=\"_blank\"><img loading=\"lazy\" decoding=\"async\" class=\"alignright wp-image-610 size-medium\" src=\"http:\/\/senat-grossegladbacher.de\/wp-content\/uploads\/2016\/05\/IMG_4308_korr-300x200.jpg\" alt=\"IMG_4308_korr\" width=\"300\" height=\"200\" srcset=\"https:\/\/senat-grossegladbacher.de\/wp-content\/uploads\/2016\/05\/IMG_4308_korr-300x200.jpg 300w, https:\/\/senat-grossegladbacher.de\/wp-content\/uploads\/2016\/05\/IMG_4308_korr-768x512.jpg 768w, https:\/\/senat-grossegladbacher.de\/wp-content\/uploads\/2016\/05\/IMG_4308_korr-1024x682.jpg 1024w, https:\/\/senat-grossegladbacher.de\/wp-content\/uploads\/2016\/05\/IMG_4308_korr.jpg 1772w\" sizes=\"auto, (max-width: 300px) 100vw, 300px\" \/><\/a>Historie ganz anderer Art: Eine Stra\u00dfenbahnfahrt in einer Stra\u00dfenbahn aus dem Jahre 1924. Feinste Holzklasse, direkter Kontakt zu den Schienen, Fahrer, Schaffner und Fahrg\u00e4ste auf Augenh\u00f6he in einer Gro\u00dfraumkabine; der Fahrer stehend freih\u00e4ndig Kurbel und Pedale bedienend, damit dieser Technik-Dino in dem normal flie\u00dfenden, sehr dichten Stra\u00dfenbahnverkehr mithalten konnte und es auch tat. Kommunikation w\u00e4hrend der Fahrt war nur unmittelbaren Nachbarn m\u00f6glich, und dank mangelnder ausgefeilter Federungstechnik aus dem Jahr 1924 kam es zu ungeahnten Begegnungen, \u00fcber deren kommunikativen Wert man im gefederten Zeitalter noch einmal nachdenken sollte.<\/p>\r\n\r\n<p><a href=\"http:\/\/senat-grossegladbacher.de\/wp-content\/uploads\/2016\/05\/P1020339-neue-Groesse.jpg\" target=\"_blank\"><img loading=\"lazy\" decoding=\"async\" class=\"alignleft wp-image-616 size-medium\" src=\"http:\/\/senat-grossegladbacher.de\/wp-content\/uploads\/2016\/05\/P1020339-neue-Groesse-300x225.jpg\" alt=\"P1020339-neue Groesse\" width=\"300\" height=\"225\" srcset=\"https:\/\/senat-grossegladbacher.de\/wp-content\/uploads\/2016\/05\/P1020339-neue-Groesse-300x225.jpg 300w, https:\/\/senat-grossegladbacher.de\/wp-content\/uploads\/2016\/05\/P1020339-neue-Groesse-768x576.jpg 768w, https:\/\/senat-grossegladbacher.de\/wp-content\/uploads\/2016\/05\/P1020339-neue-Groesse-1024x768.jpg 1024w, https:\/\/senat-grossegladbacher.de\/wp-content\/uploads\/2016\/05\/P1020339-neue-Groesse.jpg 1587w\" sizes=\"auto, (max-width: 300px) 100vw, 300px\" \/><\/a>Nicht zu vergessen: die b\u00f6hmisch K\u00fcche! Sie ist schlicht gut, reichlich und schmeckt. Teilnehmer berichten, dass selbst Wochen nach der Reise das alte Kampfgewicht noch nicht erreicht werden konnte. (Geduldig sein und vielleicht einen England-Aufenthalt ins Auge nehmen!)<\/p>\r\n\r\n<p>Unsere Prager Stadtf\u00fchrerin, Alena, die uns w\u00e4hrend s\u00e4mtlicher Tage zur Verf\u00fcgung stand und uns wirklich gut und sch\u00f6n, interessant und kurzweilig die Augen ge\u00f6ffnet und gef\u00fchrt hat, und unseren Reiseleiter, Reiner Thiesen, der kommentierend, erl\u00e4uternd, unerm\u00fcdlich, interessant aufgearbeitete Zusammenh\u00e4nge der unterschiedlichsten Sparten und historischen Zeiten hinzuf\u00fcgte oder entwarf, zieren seit dem 03.10.2012 die Orden der Gesellschaft, verliehen vor dem Kafka-Museum \u2013 ein besonderer Platz.<\/p>\r\n\r\n<p><a href=\"http:\/\/senat-grossegladbacher.de\/wp-content\/uploads\/2016\/05\/IMG_4359_korr.jpg\" target=\"_blank\"><img loading=\"lazy\" decoding=\"async\" class=\"aligncenter wp-image-611 size-medium\" src=\"http:\/\/senat-grossegladbacher.de\/wp-content\/uploads\/2016\/05\/IMG_4359_korr-300x226.jpg\" alt=\"IMG_4359_korr\" width=\"300\" height=\"226\" srcset=\"https:\/\/senat-grossegladbacher.de\/wp-content\/uploads\/2016\/05\/IMG_4359_korr-300x226.jpg 300w, https:\/\/senat-grossegladbacher.de\/wp-content\/uploads\/2016\/05\/IMG_4359_korr-768x577.jpg 768w, https:\/\/senat-grossegladbacher.de\/wp-content\/uploads\/2016\/05\/IMG_4359_korr-1024x770.jpg 1024w, https:\/\/senat-grossegladbacher.de\/wp-content\/uploads\/2016\/05\/IMG_4359_korr.jpg 1571w\" sizes=\"auto, (max-width: 300px) 100vw, 300px\" \/><\/a><p>\r\n\r\n<p>Den mitreisenden Damen und Herren, ob Senatorinnen, Senatoren, deren Begleitung, Freundinnen oder Freunde sei ein hohes Lob ausgesprochen. Prag ist wahrlich kein einfaches Pflaster. H\u00e4lt man sich vor Augen, dass der Besucher gar nicht anders kann, als sich zu Fu\u00df \u201eauf die Socken\u201c zu machen, kann die hohe Laufleistung gar nicht zu hoch genug einsch\u00e4tzen, dazu die Bereitschaft, mit- und weiterzumachen auch hinsichtlich zuk\u00fcnftiger Senatsreisen. Mit solchen Senatorinnen und Senatoren l\u00e4sst sich\u2019s gut reisen. Kein Wunder, dass sie bereits nach der n\u00e4chsten Reise des Senats der Gro\u00dfen Gladbacher fragten.<\/p>\r\n\r\n<p>* Wir Besucher wurden w\u00e4hrend einer Besichtigungspause von einem Bl\u00e4serensemble (Quintett) mit Musikbeispielen aus Mozarts bekannten Opern verw\u00f6hnt: Wunderbar!<\/p>\r\n<p style=\"text-align: right;\">wodife<\/p>","protected":false},"excerpt":{"rendered":"<p>Reise des Senats der Gro\u00dfen Gladbacher nach Prag Vom 29.09.2012 bis zum 03.10.2012 Um mit dem Fazit zu beginnen: Diese Reise reiht sich ein in die Reihe der gelungenen Reisen. Das sp\u00fcrbar zunehmende Wohlgef\u00fchl der teilnehmenden Senatorinnen, Senatoren, Freundinnen und <a class=\"more-link\" href=\"https:\/\/senat-grossegladbacher.de\/?page_id=601\"><span class=\"screen-reader-text\">  Reise nach Prag 2012<\/span> weiterlesen<span class=\"meta-nav\">&rarr;<\/span><\/a><\/p>\n","protected":false},"author":1,"featured_media":0,"parent":0,"menu_order":0,"comment_status":"closed","ping_status":"closed","template":"","meta":{"footnotes":""},"class_list":["post-601","page","type-page","status-publish","hentry"],"_links":{"self":[{"href":"https:\/\/senat-grossegladbacher.de\/index.php?rest_route=\/wp\/v2\/pages\/601","targetHints":{"allow":["GET"]}}],"collection":[{"href":"https:\/\/senat-grossegladbacher.de\/index.php?rest_route=\/wp\/v2\/pages"}],"about":[{"href":"https:\/\/senat-grossegladbacher.de\/index.php?rest_route=\/wp\/v2\/types\/page"}],"author":[{"embeddable":true,"href":"https:\/\/senat-grossegladbacher.de\/index.php?rest_route=\/wp\/v2\/users\/1"}],"replies":[{"embeddable":true,"href":"https:\/\/senat-grossegladbacher.de\/index.php?rest_route=%2Fwp%2Fv2%2Fcomments&post=601"}],"version-history":[{"count":18,"href":"https:\/\/senat-grossegladbacher.de\/index.php?rest_route=\/wp\/v2\/pages\/601\/revisions"}],"predecessor-version":[{"id":630,"href":"https:\/\/senat-grossegladbacher.de\/index.php?rest_route=\/wp\/v2\/pages\/601\/revisions\/630"}],"wp:attachment":[{"href":"https:\/\/senat-grossegladbacher.de\/index.php?rest_route=%2Fwp%2Fv2%2Fmedia&parent=601"}],"curies":[{"name":"wp","href":"https:\/\/api.w.org\/{rel}","templated":true}]}}