{"id":504,"date":"2016-05-20T14:10:32","date_gmt":"2016-05-20T12:10:32","guid":{"rendered":"http:\/\/senat-grossegladbacher.de\/?page_id=504"},"modified":"2016-05-20T14:10:32","modified_gmt":"2016-05-20T12:10:32","slug":"eine-nacht-in-venedig-2012","status":"publish","type":"page","link":"https:\/\/senat-grossegladbacher.de\/?page_id=504","title":{"rendered":"\u201eEine Nacht in Venedig\u201c 2012"},"content":{"rendered":"<strong>Abendveranstaltung (GALA) des Senates der Gro\u00dfen Gladbacher Karnevalsgesellschaft \u00a01927 e.V.\r\nin Schloss Georghausen am 10.11.2012<\/strong>\r\n<p><\/p>\r\n<p>Wie immer pl\u00e4tscherte die S\u00fclz vertr\u00e4umt vor sich hin und an Schloss Georghausen vorbei. Da erlebte sie ihr blaues Wunder! (Nicht das aus Dresden!) Unversehens war sie zum Canale Grande mutiert und erlebt im Schloss Georghausen eine grandiose \u201eNacht in Venedig\u201c. Selbst den eifrigsten Skeptikern - sie waren viel zu neugierig, um dem n\u00e4chtlichen Treiben fernzubleiben - blieb die Spucke weg: Waren Veranstaltungen des Senates \u201eder Gro\u00dfen\u201c bis dato solche, bei denen man von Beginn an \u201eunter sich\u201c ist (man kennt sich eben!), stellte sich hier dieser sympathische Effekt erst ein, nachdem man einen Blick hinter die Kulissen (in diesem Falle: Masken) hatte werfen k\u00f6nnen und man verl\u00e4sslich wissen konnte, wer sich denn da hinter zauberhaften Kost\u00fcmen und den kunstvollen, filigranen Masken verborgen hatte.<\/p>\r\n\r\n<p><a href=\"http:\/\/senat-grossegladbacher.de\/wp-content\/uploads\/2016\/05\/Foto.jpg\" target=\"_blank\"><img loading=\"lazy\" decoding=\"async\" class=\"alignnone wp-image-512 size-medium\" src=\"http:\/\/senat-grossegladbacher.de\/wp-content\/uploads\/2016\/05\/Foto-300x224.jpg\" alt=\"Foto\" width=\"300\" height=\"224\" srcset=\"https:\/\/senat-grossegladbacher.de\/wp-content\/uploads\/2016\/05\/Foto-300x224.jpg 300w, https:\/\/senat-grossegladbacher.de\/wp-content\/uploads\/2016\/05\/Foto-768x574.jpg 768w, https:\/\/senat-grossegladbacher.de\/wp-content\/uploads\/2016\/05\/Foto-1024x765.jpg 1024w\" sizes=\"auto, (max-width: 300px) 100vw, 300px\" \/><\/a><\/p>\r\n\r\n<p>Das war unterhaltende Spannung pur zu Beginn und f\u00fchrte dazu, dass nach der \u201eEnttarnung\u201c die Wiedersehensfreude umso gr\u00f6\u00dfer war, zumal noch der eine oder andere Stolz sich hinzugesellte bei denjenigen, die trotz Verkleidung die \u00fcblich Verd\u00e4chtigen sehr schnell identifizieren konnten, bei den anderen, die hartn\u00e4ckig den intensiven Identifizierungsversuchen trotzten.<\/p>\r\n\r\n<p><a href=\"http:\/\/senat-grossegladbacher.de\/wp-content\/uploads\/2016\/05\/IMGP4534.jpg\" target=\"_blank\"><img loading=\"lazy\" decoding=\"async\" class=\"alignnone wp-image-516 size-medium\" src=\"http:\/\/senat-grossegladbacher.de\/wp-content\/uploads\/2016\/05\/IMGP4534-201x300.jpg\" alt=\"IMGP4534\" width=\"201\" height=\"300\" srcset=\"https:\/\/senat-grossegladbacher.de\/wp-content\/uploads\/2016\/05\/IMGP4534-201x300.jpg 201w, https:\/\/senat-grossegladbacher.de\/wp-content\/uploads\/2016\/05\/IMGP4534-768x1147.jpg 768w, https:\/\/senat-grossegladbacher.de\/wp-content\/uploads\/2016\/05\/IMGP4534-685x1024.jpg 685w\" sizes=\"auto, (max-width: 201px) 100vw, 201px\" \/><\/a><\/p>\r\n\r\n<p>Wie Kreuzberger N\u00e4chte so begann die Nacht in Venedig am Canale Grande im Schloss Georghausen an der S\u00fclz auch langsam, nahm nach sehr kurzem warming up ungeheuer an Geschwindigkeit, Intensit\u00e4t und Wohlgef\u00fchl zu, belebt von einer Renaissance- und Barock-Tafelmusik, gef\u00e4llig dargeboten, wunderbar, auch ohne dass die jungen Damen und Herren Musiker auf historischen Instrumenten spielten oder sich historisch gewandet h\u00e4tten: eben Unterhaltungsmusik oder WDR 4 des 17. Und 18. Jhd. 2012 in Schloss Georghausen.<\/p>\r\n\r\n<p><a href=\"http:\/\/senat-grossegladbacher.de\/wp-content\/uploads\/2016\/05\/IMGP4553.jpg\" target=\"_blank\"><img loading=\"lazy\" decoding=\"async\" class=\"alignnone wp-image-518 size-medium\" src=\"http:\/\/senat-grossegladbacher.de\/wp-content\/uploads\/2016\/05\/IMGP4553-300x201.jpg\" alt=\"IMGP4553\" width=\"300\" height=\"201\" srcset=\"https:\/\/senat-grossegladbacher.de\/wp-content\/uploads\/2016\/05\/IMGP4553-300x201.jpg 300w, https:\/\/senat-grossegladbacher.de\/wp-content\/uploads\/2016\/05\/IMGP4553-768x514.jpg 768w, https:\/\/senat-grossegladbacher.de\/wp-content\/uploads\/2016\/05\/IMGP4553-1024x685.jpg 1024w\" sizes=\"auto, (max-width: 300px) 100vw, 300px\" \/><\/a><\/p>\r\n\r\n<p>Das war gut, kam gut an und sorgte f\u00fcr eine dezent ausgelassene Stimmung, die fortgesetzt, nein befl\u00fcgelt wurde durch ein k\u00f6stliches Men\u00fc, f\u00fcr dessen Genuss die eine oder andere Gesichtsdekoration endg\u00fcltig entsorgt werden musste, vor allem jene \u00fcberdimensionierten Pestnasen, bei den Herren eindeutiger Verkleidungshit. (Im \u00dcbrigen: Nur die wenigsten Venezianer hie\u00dfen Johannes!)<\/p>\r\n\r\n<p><a href=\"http:\/\/senat-grossegladbacher.de\/wp-content\/uploads\/2016\/05\/IMGP4585.jpg\" target=\"_blank\"><img loading=\"lazy\" decoding=\"async\" class=\"alignnone wp-image-520 size-medium\" src=\"http:\/\/senat-grossegladbacher.de\/wp-content\/uploads\/2016\/05\/IMGP4585-300x201.jpg\" alt=\"IMGP4585\" width=\"300\" height=\"201\" srcset=\"https:\/\/senat-grossegladbacher.de\/wp-content\/uploads\/2016\/05\/IMGP4585-300x201.jpg 300w, https:\/\/senat-grossegladbacher.de\/wp-content\/uploads\/2016\/05\/IMGP4585-768x514.jpg 768w, https:\/\/senat-grossegladbacher.de\/wp-content\/uploads\/2016\/05\/IMGP4585-1024x685.jpg 1024w\" sizes=\"auto, (max-width: 300px) 100vw, 300px\" \/><\/a><\/p>\r\n\r\n<p>Gest\u00e4rkt und tatendurstig st\u00fcrzten sich die ersten Dogen mit ihrer Begleitung auf die Tanzfl\u00e4che, bevor das Men\u00fc abgeschlossen war. Unauff\u00e4llig hatte die Renaissance und das Barock die Livemusik eingestellt und das musikalische Zepter einem DJ \u00fcbergeben. Und dieser DJ servierte einen interessanten Potpourri f\u00fcr alle Alters- und Geschmack-Klassen; und zwar unter Ber\u00fccksichtigung der aktuellen Altersstruktur und Dezibelbelastbarkeit der Anwesenden.<\/p>\r\n\r\n<p><a href=\"http:\/\/senat-grossegladbacher.de\/wp-content\/uploads\/2016\/05\/Foto2.jpg\" target=\"_blank\"><img loading=\"lazy\" decoding=\"async\" class=\"alignnone wp-image-514 size-medium\" src=\"http:\/\/senat-grossegladbacher.de\/wp-content\/uploads\/2016\/05\/Foto2-225x300.jpg\" alt=\"Foto2\" width=\"225\" height=\"300\" srcset=\"https:\/\/senat-grossegladbacher.de\/wp-content\/uploads\/2016\/05\/Foto2-225x300.jpg 225w, https:\/\/senat-grossegladbacher.de\/wp-content\/uploads\/2016\/05\/Foto2-768x1024.jpg 768w, https:\/\/senat-grossegladbacher.de\/wp-content\/uploads\/2016\/05\/Foto2.jpg 1224w\" sizes=\"auto, (max-width: 225px) 100vw, 225px\" \/><\/a><\/p>\r\n\r\n<p>Wie viele Schuhsohlen durchtanzt worden sind w\u00e4hrend dieser langen Nacht ist nicht \u00fcberliefert. Aber: Dass die edlen Pestnasen und ausdauernden Klebehosen in swinging-busses, gesponsert vom Senatspr\u00e4sidenten! Applaus!, unbeschadet nach Hause gebracht worden sind, war das \u201eSahneh\u00e4ubchen\u201c einer wirklich rundum gelungenen, tollen Veranstaltung, deren geistige V\u00e4ter (wenn\u2019s um den Geist geht, sind zwei V\u00e4ter durchaus drin, notfalls bedarf es keines der beiden!) Matthias Fuchs und Rolf Sam sind. Rolf Sam hat sich dann auch noch um die Organisation, Durchf\u00fchrung und Gestaltung - wie man dankbar konstatieren muss - t\u00fcchtig gek\u00fcmmert.<\/p>\r\n\r\n<p><a href=\"http:\/\/senat-grossegladbacher.de\/wp-content\/uploads\/2016\/05\/IMGP4537.jpg\" target=\"_blank\"><img loading=\"lazy\" decoding=\"async\" class=\"alignnone wp-image-517 size-medium\" src=\"http:\/\/senat-grossegladbacher.de\/wp-content\/uploads\/2016\/05\/IMGP4537-201x300.jpg\" alt=\"IMGP4537\" width=\"201\" height=\"300\" srcset=\"https:\/\/senat-grossegladbacher.de\/wp-content\/uploads\/2016\/05\/IMGP4537-201x300.jpg 201w, https:\/\/senat-grossegladbacher.de\/wp-content\/uploads\/2016\/05\/IMGP4537-768x1147.jpg 768w, https:\/\/senat-grossegladbacher.de\/wp-content\/uploads\/2016\/05\/IMGP4537-685x1024.jpg 685w\" sizes=\"auto, (max-width: 201px) 100vw, 201px\" \/><\/a><\/p>\r\n\r\n<p><a href=\"http:\/\/senat-grossegladbacher.de\/wp-content\/uploads\/2016\/05\/IMGP4561.jpg\" target=\"_blank\"><img loading=\"lazy\" decoding=\"async\" class=\"alignnone wp-image-519 size-medium\" src=\"http:\/\/senat-grossegladbacher.de\/wp-content\/uploads\/2016\/05\/IMGP4561-300x201.jpg\" alt=\"IMGP4561\" width=\"300\" height=\"201\" srcset=\"https:\/\/senat-grossegladbacher.de\/wp-content\/uploads\/2016\/05\/IMGP4561-300x201.jpg 300w, https:\/\/senat-grossegladbacher.de\/wp-content\/uploads\/2016\/05\/IMGP4561-768x514.jpg 768w, https:\/\/senat-grossegladbacher.de\/wp-content\/uploads\/2016\/05\/IMGP4561-1024x685.jpg 1024w\" sizes=\"auto, (max-width: 300px) 100vw, 300px\" \/><\/a><\/p>\r\n\r\n<p>Lieber Rolf, lieber Matthias: Eure Muster-Meister-Vorstellung muss Nachfolgerinnen haben! \u2013 Herzlichen Dank!<\/p>\r\n<p style=\"text-align: right;\">Wodife<\/p>\r\n<p>PS: Dass einige Festg\u00e4ste behaupten, sie w\u00e4ren In der Gondel nach Hause gefahren worden, stimmt so nicht, weil s.o. - Ganz abgesehen davon, dass die S\u00fclz trotz allem Zauberhaften S\u00fclz geblieben war.<\/p>","protected":false},"excerpt":{"rendered":"<p>Abendveranstaltung (GALA) des Senates der Gro\u00dfen Gladbacher Karnevalsgesellschaft \u00a01927 e.V. in Schloss Georghausen am 10.11.2012 Wie immer pl\u00e4tscherte die S\u00fclz vertr\u00e4umt vor sich hin und an Schloss Georghausen vorbei. Da erlebte sie ihr blaues Wunder! (Nicht das aus Dresden!) Unversehens <a class=\"more-link\" href=\"https:\/\/senat-grossegladbacher.de\/?page_id=504\"><span class=\"screen-reader-text\">  \u201eEine Nacht in Venedig\u201c 2012<\/span> weiterlesen<span class=\"meta-nav\">&rarr;<\/span><\/a><\/p>\n","protected":false},"author":1,"featured_media":0,"parent":0,"menu_order":0,"comment_status":"closed","ping_status":"closed","template":"","meta":{"footnotes":""},"class_list":["post-504","page","type-page","status-publish","hentry"],"_links":{"self":[{"href":"https:\/\/senat-grossegladbacher.de\/index.php?rest_route=\/wp\/v2\/pages\/504","targetHints":{"allow":["GET"]}}],"collection":[{"href":"https:\/\/senat-grossegladbacher.de\/index.php?rest_route=\/wp\/v2\/pages"}],"about":[{"href":"https:\/\/senat-grossegladbacher.de\/index.php?rest_route=\/wp\/v2\/types\/page"}],"author":[{"embeddable":true,"href":"https:\/\/senat-grossegladbacher.de\/index.php?rest_route=\/wp\/v2\/users\/1"}],"replies":[{"embeddable":true,"href":"https:\/\/senat-grossegladbacher.de\/index.php?rest_route=%2Fwp%2Fv2%2Fcomments&post=504"}],"version-history":[{"count":15,"href":"https:\/\/senat-grossegladbacher.de\/index.php?rest_route=\/wp\/v2\/pages\/504\/revisions"}],"predecessor-version":[{"id":543,"href":"https:\/\/senat-grossegladbacher.de\/index.php?rest_route=\/wp\/v2\/pages\/504\/revisions\/543"}],"wp:attachment":[{"href":"https:\/\/senat-grossegladbacher.de\/index.php?rest_route=%2Fwp%2Fv2%2Fmedia&parent=504"}],"curies":[{"name":"wp","href":"https:\/\/api.w.org\/{rel}","templated":true}]}}