{"id":32,"date":"2016-01-15T11:22:01","date_gmt":"2016-01-15T10:22:01","guid":{"rendered":"http:\/\/senat-grossegladbacher.de\/?page_id=32"},"modified":"2024-01-11T11:02:55","modified_gmt":"2024-01-11T10:02:55","slug":"der-vorstand","status":"publish","type":"page","link":"https:\/\/senat-grossegladbacher.de\/?page_id=32","title":{"rendered":"Der Vorstand"},"content":{"rendered":"<h3>Vorstand:<\/h3>\n<h3><img loading=\"lazy\" decoding=\"async\" class=\"alignnone size-full wp-image-37\" src=\"http:\/\/senat-grossegladbacher.de\/wp-content\/uploads\/2016\/01\/rolf_sam.jpg\" alt=\"rolf_sam\" width=\"150\" height=\"200\" \/><\/h3>\n<h3>Senatspr\u00e4sident Rolf Sam<\/h3>\n<a href=\"https:\/\/senat-grossegladbacher.de\/wp-content\/uploads\/2024\/01\/Hajo_GG-1-social-res.jpg\"><img loading=\"lazy\" decoding=\"async\" class=\"alignnone wp-image-2152 size-thumbnail\" src=\"https:\/\/senat-grossegladbacher.de\/wp-content\/uploads\/2024\/01\/Hajo_GG-1-social-res-150x150.jpg\" alt=\"hans_joachim_dantz\" width=\"150\" height=\"150\" \/><\/a>\n<h3>Senatsvizepr\u00e4sident Hans-Joachim Dantz<\/h3>\n<h3><img loading=\"lazy\" decoding=\"async\" class=\"alignnone size-full wp-image-38\" src=\"http:\/\/senat-grossegladbacher.de\/wp-content\/uploads\/2016\/01\/werner_goedderz.jpg\" alt=\"werner_goedderz\" width=\"150\" height=\"200\" \/><\/h3>\n<h3>Senatsehrenpr\u00e4sident\u00a0Werner G\u00f6dderz<\/h3>\n<h3><img loading=\"lazy\" decoding=\"async\" class=\"alignnone wp-image-33\" src=\"http:\/\/senat-grossegladbacher.de\/wp-content\/uploads\/2016\/01\/uli_puetz-216x300.jpg\" alt=\"uli_puetz\" width=\"150\" height=\"208\" srcset=\"https:\/\/senat-grossegladbacher.de\/wp-content\/uploads\/2016\/01\/uli_puetz-216x300.jpg 216w, https:\/\/senat-grossegladbacher.de\/wp-content\/uploads\/2016\/01\/uli_puetz.jpg 352w\" sizes=\"auto, (max-width: 150px) 100vw, 150px\" \/><\/h3>\n<h3>Senatsehrenpr\u00e4sident Ulrich P\u00fctz<\/h3>\n<a href=\"http:\/\/senat-grossegladbacher.de\/wp-content\/uploads\/2018\/06\/Ju\u0308rgen-Bittner_2018_Senat_Litewka.png\"><img loading=\"lazy\" decoding=\"async\" class=\"alignnone wp-image-1634\" src=\"http:\/\/senat-grossegladbacher.de\/wp-content\/uploads\/2018\/06\/Ju\u0308rgen-Bittner_2018_Senat_Litewka.png\" alt=\"\" width=\"145\" height=\"200\" srcset=\"https:\/\/senat-grossegladbacher.de\/wp-content\/uploads\/2018\/06\/Ju\u0308rgen-Bittner_2018_Senat_Litewka.png 1464w, https:\/\/senat-grossegladbacher.de\/wp-content\/uploads\/2018\/06\/Ju\u0308rgen-Bittner_2018_Senat_Litewka-218x300.png 218w, https:\/\/senat-grossegladbacher.de\/wp-content\/uploads\/2018\/06\/Ju\u0308rgen-Bittner_2018_Senat_Litewka-743x1024.png 743w\" sizes=\"auto, (max-width: 145px) 100vw, 145px\" \/><\/a>\n<h3>Schriftf\u00fchrer\u00a0J\u00fcrgen Bittner<\/h3>\n(Foto folgt)\n<h3>Schatzmeister Lothar Uedelhoven<\/h3>\n<h3>Erweiterter Vorstand:<\/h3>\n<ul>\n \t<li>Ulli Appolt \/ Beisitzer<\/li>\n \t<li>Heinz Braun \/ Beisitzer<\/li>\n \t<li>Dieter Feik \/ Beisitzer<\/li>\n \t<li>Mathias Fuchs \/ Beisitzer<\/li>\n \t<li>Franz \u2013Josef Hebborn Wenz \/ Beisitzer<\/li>\n \t<li>Hubertus Niedenhof \/ Beisitzer<\/li>\n \t<li>Reinald Pichlo \/ Beisitzer<\/li>\n \t<li>Dieter Sam \/ Beisitzer<\/li>\n \t<li>Werner G\u00f6dderz \/ Beisitzer<\/li>\n \t<li>Ulrich P\u00fctz \/ Beisitzer<\/li>\n<\/ul>","protected":false},"excerpt":{"rendered":"<p>Vorstand: Senatspr\u00e4sident Rolf Sam Senatsvizepr\u00e4sident Hans-Joachim Dantz Senatsehrenpr\u00e4sident\u00a0Werner G\u00f6dderz Senatsehrenpr\u00e4sident Ulrich P\u00fctz Schriftf\u00fchrer\u00a0J\u00fcrgen Bittner (Foto folgt) Schatzmeister Lothar Uedelhoven Erweiterter Vorstand: Ulli Appolt \/ Beisitzer Heinz Braun \/ Beisitzer Dieter Feik \/ Beisitzer Mathias Fuchs \/ Beisitzer Franz \u2013Josef Hebborn <a class=\"more-link\" href=\"https:\/\/senat-grossegladbacher.de\/?page_id=32\"><span class=\"screen-reader-text\">  Der Vorstand<\/span> weiterlesen<span class=\"meta-nav\">&rarr;<\/span><\/a><\/p>\n","protected":false},"author":1,"featured_media":0,"parent":0,"menu_order":0,"comment_status":"closed","ping_status":"closed","template":"","meta":{"footnotes":""},"class_list":["post-32","page","type-page","status-publish","hentry"],"_links":{"self":[{"href":"https:\/\/senat-grossegladbacher.de\/index.php?rest_route=\/wp\/v2\/pages\/32","targetHints":{"allow":["GET"]}}],"collection":[{"href":"https:\/\/senat-grossegladbacher.de\/index.php?rest_route=\/wp\/v2\/pages"}],"about":[{"href":"https:\/\/senat-grossegladbacher.de\/index.php?rest_route=\/wp\/v2\/types\/page"}],"author":[{"embeddable":true,"href":"https:\/\/senat-grossegladbacher.de\/index.php?rest_route=\/wp\/v2\/users\/1"}],"replies":[{"embeddable":true,"href":"https:\/\/senat-grossegladbacher.de\/index.php?rest_route=%2Fwp%2Fv2%2Fcomments&post=32"}],"version-history":[{"count":26,"href":"https:\/\/senat-grossegladbacher.de\/index.php?rest_route=\/wp\/v2\/pages\/32\/revisions"}],"predecessor-version":[{"id":2158,"href":"https:\/\/senat-grossegladbacher.de\/index.php?rest_route=\/wp\/v2\/pages\/32\/revisions\/2158"}],"wp:attachment":[{"href":"https:\/\/senat-grossegladbacher.de\/index.php?rest_route=%2Fwp%2Fv2%2Fmedia&parent=32"}],"curies":[{"name":"wp","href":"https:\/\/api.w.org\/{rel}","templated":true}]}}