{"id":27,"date":"2016-01-15T11:13:00","date_gmt":"2016-01-15T10:13:00","guid":{"rendered":"http:\/\/senat-grossegladbacher.de\/?page_id=27"},"modified":"2018-12-30T11:27:34","modified_gmt":"2018-12-30T10:27:34","slug":"der-verein","status":"publish","type":"page","link":"https:\/\/senat-grossegladbacher.de\/?page_id=27","title":{"rendered":"Die Gesellschaft"},"content":{"rendered":"<p>Der Senat der Gro\u00dfen Bergisch Gladbacher Karnevalsgesellschaft 1927 e.V. gr\u00fcndete sich im Jahr 1950.<\/p>\r\n\r\n<img loading=\"lazy\" decoding=\"async\" class=\"alignnone wp-image-7\" src=\"http:\/\/senat-grossegladbacher.de\/wp-content\/uploads\/2016\/01\/cropped-Logo_Senat_GG_20160113-300x300.jpg\" alt=\"cropped-Logo_Senat_GG_20160113.jpg\" width=\"250\" height=\"250\" \/>\r\n\r\n<p>&nbsp;<\/p>\r\n\r\n<p>Er ist Teil der Muttergesellschaft \"<a href=\"http:\/\/www.grossegladbacher-kg.de\" target=\"_blank\">Gro\u00dfen Gladbacher KG von 1927<\/a>\".\r\n<a href=\"http:\/\/www.grossegladbacher-kg.de\" target=\"_blank\"><img loading=\"lazy\" decoding=\"async\" class=\"alignnone wp-image-193\" src=\"http:\/\/senat-grossegladbacher.de\/wp-content\/uploads\/2016\/01\/10628201_827616397282926_7100266130733200534_n.jpg\" alt=\"10628201_827616397282926_7100266130733200534_n\" width=\"250\" height=\"250\" srcset=\"https:\/\/senat-grossegladbacher.de\/wp-content\/uploads\/2016\/01\/10628201_827616397282926_7100266130733200534_n.jpg 300w, https:\/\/senat-grossegladbacher.de\/wp-content\/uploads\/2016\/01\/10628201_827616397282926_7100266130733200534_n-150x150.jpg 150w\" sizes=\"auto, (max-width: 250px) 100vw, 250px\" \/><\/a><\/p>\r\n\r\n<p>&nbsp;<\/p>\r\n\r\n<p>Ein Teil der Senatorinnen und Senatoren beim Karnevalszug 2016<\/p>\r\n\r\n<figure id=\"attachment_243\" aria-describedby=\"caption-attachment-243\" style=\"width: 1024px\" class=\"wp-caption aligncenter\"><a href=\"http:\/\/senat-grossegladbacher.de\/wp-content\/uploads\/2016\/02\/IMG_5067.jpg\"><img loading=\"lazy\" decoding=\"async\" class=\"wp-image-243 size-large\" src=\"http:\/\/senat-grossegladbacher.de\/wp-content\/uploads\/2016\/02\/IMG_5067-1024x768.jpg\" alt=\"IMG_5067\" width=\"1024\" height=\"768\" srcset=\"https:\/\/senat-grossegladbacher.de\/wp-content\/uploads\/2016\/02\/IMG_5067-1024x768.jpg 1024w, https:\/\/senat-grossegladbacher.de\/wp-content\/uploads\/2016\/02\/IMG_5067-300x225.jpg 300w, https:\/\/senat-grossegladbacher.de\/wp-content\/uploads\/2016\/02\/IMG_5067-768x576.jpg 768w, https:\/\/senat-grossegladbacher.de\/wp-content\/uploads\/2016\/02\/IMG_5067.jpg 1600w\" sizes=\"auto, (max-width: 1024px) 100vw, 1024px\" \/><\/a><figcaption id=\"caption-attachment-243\" class=\"wp-caption-text\">Senatorinnen und Senatoren der Gro\u00dfen Gladbacher KG mit dem Senatspr\u00e4sidenten Uli P\u00fctz.<\/figcaption><\/figure>","protected":false},"excerpt":{"rendered":"<p>Der Senat der Gro\u00dfen Bergisch Gladbacher Karnevalsgesellschaft 1927 e.V. gr\u00fcndete sich im Jahr 1950. &nbsp; Er ist Teil der Muttergesellschaft &#8222;Gro\u00dfen Gladbacher KG von 1927&#8220;. &nbsp; Ein Teil der Senatorinnen und Senatoren beim Karnevalszug 2016<\/p>\n","protected":false},"author":1,"featured_media":0,"parent":0,"menu_order":0,"comment_status":"closed","ping_status":"closed","template":"","meta":{"footnotes":""},"class_list":["post-27","page","type-page","status-publish","hentry"],"_links":{"self":[{"href":"https:\/\/senat-grossegladbacher.de\/index.php?rest_route=\/wp\/v2\/pages\/27","targetHints":{"allow":["GET"]}}],"collection":[{"href":"https:\/\/senat-grossegladbacher.de\/index.php?rest_route=\/wp\/v2\/pages"}],"about":[{"href":"https:\/\/senat-grossegladbacher.de\/index.php?rest_route=\/wp\/v2\/types\/page"}],"author":[{"embeddable":true,"href":"https:\/\/senat-grossegladbacher.de\/index.php?rest_route=\/wp\/v2\/users\/1"}],"replies":[{"embeddable":true,"href":"https:\/\/senat-grossegladbacher.de\/index.php?rest_route=%2Fwp%2Fv2%2Fcomments&post=27"}],"version-history":[{"count":13,"href":"https:\/\/senat-grossegladbacher.de\/index.php?rest_route=\/wp\/v2\/pages\/27\/revisions"}],"predecessor-version":[{"id":803,"href":"https:\/\/senat-grossegladbacher.de\/index.php?rest_route=\/wp\/v2\/pages\/27\/revisions\/803"}],"wp:attachment":[{"href":"https:\/\/senat-grossegladbacher.de\/index.php?rest_route=%2Fwp%2Fv2%2Fmedia&parent=27"}],"curies":[{"name":"wp","href":"https:\/\/api.w.org\/{rel}","templated":true}]}}