{"id":1814,"date":"2018-10-31T13:49:51","date_gmt":"2018-10-31T12:49:51","guid":{"rendered":"http:\/\/senat-grossegladbacher.de\/?page_id=1814"},"modified":"2018-10-31T15:54:20","modified_gmt":"2018-10-31T14:54:20","slug":"wandertag-2018","status":"publish","type":"page","link":"https:\/\/senat-grossegladbacher.de\/?page_id=1814","title":{"rendered":"Wandertag 2018"},"content":{"rendered":"<a href=\"http:\/\/senat-grossegladbacher.de\/wp-content\/uploads\/2018\/10\/IMG_0029-1.jpg\" target=\"_blank\" rel=\"noopener\"><img loading=\"lazy\" decoding=\"async\" class=\"aligncenter wp-image-1853 size-large\" src=\"http:\/\/senat-grossegladbacher.de\/wp-content\/uploads\/2018\/10\/IMG_0029-1-1024x768.jpg\" alt=\"\" width=\"530\" height=\"398\" srcset=\"https:\/\/senat-grossegladbacher.de\/wp-content\/uploads\/2018\/10\/IMG_0029-1-1024x768.jpg 1024w, https:\/\/senat-grossegladbacher.de\/wp-content\/uploads\/2018\/10\/IMG_0029-1-300x225.jpg 300w, https:\/\/senat-grossegladbacher.de\/wp-content\/uploads\/2018\/10\/IMG_0029-1.jpg 2048w\" sizes=\"auto, (max-width: 530px) 100vw, 530px\" \/><\/a>\r\n\r\nDieses Jahr machten sich unter der Organisation von Heinz Braun und Rolf Sam f\u00fcr die Wanderstrecke und Ulrike und J\u00fcrgen Bittner f\u00fcr den kulinarischen Abschluss, 26 wanderfreudige Senatoren, G\u00e4ste, 5 Kinder und 2 Hunde auf den Weg den Wanderweg rund um den Bismarckturm zu erkunden.\r\n\r\n<a href=\"http:\/\/senat-grossegladbacher.de\/wp-content\/uploads\/2018\/10\/IMG_4501.jpg\" target=\"_blank\" rel=\"noopener\"><img loading=\"lazy\" decoding=\"async\" class=\"aligncenter wp-image-1855 size-large\" src=\"http:\/\/senat-grossegladbacher.de\/wp-content\/uploads\/2018\/10\/IMG_4501-1024x768.jpg\" alt=\"\" width=\"530\" height=\"398\" srcset=\"https:\/\/senat-grossegladbacher.de\/wp-content\/uploads\/2018\/10\/IMG_4501-1024x768.jpg 1024w, https:\/\/senat-grossegladbacher.de\/wp-content\/uploads\/2018\/10\/IMG_4501-300x225.jpg 300w, https:\/\/senat-grossegladbacher.de\/wp-content\/uploads\/2018\/10\/IMG_4501.jpg 1280w\" sizes=\"auto, (max-width: 530px) 100vw, 530px\" \/><\/a>Nach der kurzen Begr\u00fc\u00dfung durch den Senatspr\u00e4sidenten Ulrich P\u00fctz ging es auf die ca. 7 km lange Strecke.\r\n\r\n<a href=\"http:\/\/senat-grossegladbacher.de\/wp-content\/uploads\/2018\/10\/IMG_0010.jpg\" target=\"_blank\" rel=\"noopener\"><img loading=\"lazy\" decoding=\"async\" class=\"aligncenter wp-image-1833 size-large\" src=\"http:\/\/senat-grossegladbacher.de\/wp-content\/uploads\/2018\/10\/IMG_0010-1024x768.jpg\" alt=\"\" width=\"530\" height=\"398\" srcset=\"https:\/\/senat-grossegladbacher.de\/wp-content\/uploads\/2018\/10\/IMG_0010-1024x768.jpg 1024w, https:\/\/senat-grossegladbacher.de\/wp-content\/uploads\/2018\/10\/IMG_0010-300x225.jpg 300w, https:\/\/senat-grossegladbacher.de\/wp-content\/uploads\/2018\/10\/IMG_0010.jpg 2048w\" sizes=\"auto, (max-width: 530px) 100vw, 530px\" \/><\/a>Der Weg f\u00fchrte uns bergauf und bergab, mal breit und asphaltiert mal schmal und wenig kinderwagentauglich. Nach anderthalb Stunden\u00a0beendete die Wandergemeinschaft den Tag an der Grillh\u00fctte im Wiehlpark, wo man auch auf die Teilnehmer traf, die nicht gut zu Fu\u00df waren, aber auf keinen Fall das traditionelle Grillbuffet verpassen wollten. Wie immer steuerten die Damen des Senates Salate sowie k\u00f6stlichen Kuchen zum opulenten Buffet bei. Bei k\u00fchlen Getr\u00e4nken und leckerem Essen wurde viel erz\u00e4hlt, gelacht und gefeiert.\r\n\r\n<a href=\"http:\/\/senat-grossegladbacher.de\/wp-content\/uploads\/2018\/10\/IMG_0001.jpg\" target=\"_blank\" rel=\"noopener\"><img loading=\"lazy\" decoding=\"async\" class=\"aligncenter wp-image-1829 size-large\" src=\"http:\/\/senat-grossegladbacher.de\/wp-content\/uploads\/2018\/10\/IMG_0001-768x1024.jpg\" alt=\"\" width=\"530\" height=\"707\" srcset=\"https:\/\/senat-grossegladbacher.de\/wp-content\/uploads\/2018\/10\/IMG_0001-768x1024.jpg 768w, https:\/\/senat-grossegladbacher.de\/wp-content\/uploads\/2018\/10\/IMG_0001-225x300.jpg 225w, https:\/\/senat-grossegladbacher.de\/wp-content\/uploads\/2018\/10\/IMG_0001.jpg 1536w\" sizes=\"auto, (max-width: 530px) 100vw, 530px\" \/><\/a>\r\n\r\n<a href=\"http:\/\/senat-grossegladbacher.de\/wp-content\/uploads\/2018\/10\/IMG_0003.jpg\" target=\"_blank\" rel=\"noopener\"><img loading=\"lazy\" decoding=\"async\" class=\"aligncenter wp-image-1830 size-large\" src=\"http:\/\/senat-grossegladbacher.de\/wp-content\/uploads\/2018\/10\/IMG_0003-1024x768.jpg\" alt=\"\" width=\"530\" height=\"398\" srcset=\"https:\/\/senat-grossegladbacher.de\/wp-content\/uploads\/2018\/10\/IMG_0003-1024x768.jpg 1024w, https:\/\/senat-grossegladbacher.de\/wp-content\/uploads\/2018\/10\/IMG_0003-300x225.jpg 300w, https:\/\/senat-grossegladbacher.de\/wp-content\/uploads\/2018\/10\/IMG_0003.jpg 2048w\" sizes=\"auto, (max-width: 530px) 100vw, 530px\" \/><\/a>Wir freuen uns aufs n\u00e4chste Jahr.","protected":false},"excerpt":{"rendered":"<p>Dieses Jahr machten sich unter der Organisation von Heinz Braun und Rolf Sam f\u00fcr die Wanderstrecke und Ulrike und J\u00fcrgen Bittner f\u00fcr den kulinarischen Abschluss, 26 wanderfreudige Senatoren, G\u00e4ste, 5 Kinder und 2 Hunde auf den Weg den Wanderweg rund <a class=\"more-link\" href=\"https:\/\/senat-grossegladbacher.de\/?page_id=1814\"><span class=\"screen-reader-text\">  Wandertag 2018<\/span> weiterlesen<span class=\"meta-nav\">&rarr;<\/span><\/a><\/p>\n","protected":false},"author":1,"featured_media":0,"parent":0,"menu_order":0,"comment_status":"closed","ping_status":"closed","template":"","meta":{"footnotes":""},"class_list":["post-1814","page","type-page","status-publish","hentry"],"_links":{"self":[{"href":"https:\/\/senat-grossegladbacher.de\/index.php?rest_route=\/wp\/v2\/pages\/1814","targetHints":{"allow":["GET"]}}],"collection":[{"href":"https:\/\/senat-grossegladbacher.de\/index.php?rest_route=\/wp\/v2\/pages"}],"about":[{"href":"https:\/\/senat-grossegladbacher.de\/index.php?rest_route=\/wp\/v2\/types\/page"}],"author":[{"embeddable":true,"href":"https:\/\/senat-grossegladbacher.de\/index.php?rest_route=\/wp\/v2\/users\/1"}],"replies":[{"embeddable":true,"href":"https:\/\/senat-grossegladbacher.de\/index.php?rest_route=%2Fwp%2Fv2%2Fcomments&post=1814"}],"version-history":[{"count":5,"href":"https:\/\/senat-grossegladbacher.de\/index.php?rest_route=\/wp\/v2\/pages\/1814\/revisions"}],"predecessor-version":[{"id":1860,"href":"https:\/\/senat-grossegladbacher.de\/index.php?rest_route=\/wp\/v2\/pages\/1814\/revisions\/1860"}],"wp:attachment":[{"href":"https:\/\/senat-grossegladbacher.de\/index.php?rest_route=%2Fwp%2Fv2%2Fmedia&parent=1814"}],"curies":[{"name":"wp","href":"https:\/\/api.w.org\/{rel}","templated":true}]}}