{"id":1032,"date":"2016-10-10T18:38:33","date_gmt":"2016-10-10T16:38:33","guid":{"rendered":"http:\/\/senat-grossegladbacher.de\/?page_id=1032"},"modified":"2016-10-10T19:35:23","modified_gmt":"2016-10-10T17:35:23","slug":"wandertag-2016","status":"publish","type":"page","link":"https:\/\/senat-grossegladbacher.de\/?page_id=1032","title":{"rendered":"Wandertag 2016"},"content":{"rendered":"<p><strong>Der Wandertag des Senates \u2013 altbew\u00e4hrt und doch immer wieder neu<\/strong><\/p>\r\n\r\n<p>F\u00fcr den allj\u00e4hrlichen Wandertag des Senats konnten die beiden Organisatoren Mathias Fuchs und Rolf Sam dieses Mal unseren Senator Heinz Braun zur Auswahl der Wanderstrecke gewinnen.<\/p>\r\n\r\n<p>Und was war das f\u00fcr eine Strecke!<br>\r\nVom Reiterhof Biesenbach machten sich 41 Senatorinnen und Senatoren nach der Begr\u00fc\u00dfung durch Senatspr\u00e4sident Ulrich P\u00fctz auf den Weg. Unter Ihnen war auch, wie schon im letzten Jahr, der Pr\u00e4sident der Muttergesellschaft Alexander Pfister mit seiner Melanie, sowie viele Kinder und Hunde, ganz nach der Tradition des Familienwandertages.<\/p>\r\n\r\n<a href=\"http:\/\/senat-grossegladbacher.de\/wp-content\/uploads\/2016\/10\/WhatsApp-Image-2016-09-28-at-09.22.48.jpeg\"><img loading=\"lazy\" decoding=\"async\" class=\"aligncenter wp-image-1026 size-large\" src=\"http:\/\/senat-grossegladbacher.de\/wp-content\/uploads\/2016\/10\/WhatsApp-Image-2016-09-28-at-09.22.48-1024x768.jpeg\" alt=\"whatsapp-image-2016-09-28-at-09-22-48\" width=\"530\" height=\"398\" srcset=\"https:\/\/senat-grossegladbacher.de\/wp-content\/uploads\/2016\/10\/WhatsApp-Image-2016-09-28-at-09.22.48-1024x768.jpeg 1024w, https:\/\/senat-grossegladbacher.de\/wp-content\/uploads\/2016\/10\/WhatsApp-Image-2016-09-28-at-09.22.48-300x225.jpeg 300w, https:\/\/senat-grossegladbacher.de\/wp-content\/uploads\/2016\/10\/WhatsApp-Image-2016-09-28-at-09.22.48.jpeg 1600w\" sizes=\"auto, (max-width: 530px) 100vw, 530px\" \/><\/a>\r\n\r\n<a href=\"http:\/\/senat-grossegladbacher.de\/wp-content\/uploads\/2016\/10\/WhatsApp-Image-2016-09-28-at-09.23.04.jpeg\"><img loading=\"lazy\" decoding=\"async\" class=\"aligncenter wp-image-1027 size-large\" src=\"http:\/\/senat-grossegladbacher.de\/wp-content\/uploads\/2016\/10\/WhatsApp-Image-2016-09-28-at-09.23.04-768x1024.jpeg\" alt=\"whatsapp-image-2016-09-28-at-09-23-04\" width=\"530\" height=\"707\" srcset=\"https:\/\/senat-grossegladbacher.de\/wp-content\/uploads\/2016\/10\/WhatsApp-Image-2016-09-28-at-09.23.04-768x1024.jpeg 768w, https:\/\/senat-grossegladbacher.de\/wp-content\/uploads\/2016\/10\/WhatsApp-Image-2016-09-28-at-09.23.04-225x300.jpeg 225w, https:\/\/senat-grossegladbacher.de\/wp-content\/uploads\/2016\/10\/WhatsApp-Image-2016-09-28-at-09.23.04.jpeg 1200w\" sizes=\"auto, (max-width: 530px) 100vw, 530px\" \/><\/a>\r\n<p>Der Weg f\u00fchrte zur Staumauer der Dh\u00fcnn-Talsperre und bei herrlichem Wetter komplett rund um die Talsperre.<\/p>\r\n\r\n<a href=\"http:\/\/senat-grossegladbacher.de\/wp-content\/uploads\/2016\/10\/WhatsApp-Image-2016-09-26-at-19.59.35.jpeg\"><img loading=\"lazy\" decoding=\"async\" class=\"aligncenter wp-image-1022 size-large\" src=\"http:\/\/senat-grossegladbacher.de\/wp-content\/uploads\/2016\/10\/WhatsApp-Image-2016-09-26-at-19.59.35-1024x768.jpeg\" alt=\"whatsapp-image-2016-09-26-at-19-59-35\" width=\"530\" height=\"398\" srcset=\"https:\/\/senat-grossegladbacher.de\/wp-content\/uploads\/2016\/10\/WhatsApp-Image-2016-09-26-at-19.59.35-1024x768.jpeg 1024w, https:\/\/senat-grossegladbacher.de\/wp-content\/uploads\/2016\/10\/WhatsApp-Image-2016-09-26-at-19.59.35-300x225.jpeg 300w, https:\/\/senat-grossegladbacher.de\/wp-content\/uploads\/2016\/10\/WhatsApp-Image-2016-09-26-at-19.59.35.jpeg 1600w\" sizes=\"auto, (max-width: 530px) 100vw, 530px\" \/><\/a>\r\n\r\n<a href=\"http:\/\/senat-grossegladbacher.de\/wp-content\/uploads\/2016\/10\/WhatsApp-Image-2016-09-28-at-09.23.26.jpeg\"><img loading=\"lazy\" decoding=\"async\" class=\"aligncenter wp-image-1029 size-large\" src=\"http:\/\/senat-grossegladbacher.de\/wp-content\/uploads\/2016\/10\/WhatsApp-Image-2016-09-28-at-09.23.26-1024x768.jpeg\" alt=\"whatsapp-image-2016-09-28-at-09-23-26\" width=\"530\" height=\"398\" srcset=\"https:\/\/senat-grossegladbacher.de\/wp-content\/uploads\/2016\/10\/WhatsApp-Image-2016-09-28-at-09.23.26-1024x768.jpeg 1024w, https:\/\/senat-grossegladbacher.de\/wp-content\/uploads\/2016\/10\/WhatsApp-Image-2016-09-28-at-09.23.26-300x225.jpeg 300w, https:\/\/senat-grossegladbacher.de\/wp-content\/uploads\/2016\/10\/WhatsApp-Image-2016-09-28-at-09.23.26.jpeg 1600w\" sizes=\"auto, (max-width: 530px) 100vw, 530px\" \/><\/a>\r\n<p>Zur Halbzeit war eine kleine aber feine Pause organisiert und mit letzter Kraft ging es den Berg hinauf zur\u00fcck zum Reiterhof. An diesem Tag stand, wer h\u00e4tte das gedacht, Sport und Spa\u00df im Vordergrund. So hatten sich alle Senatoren die Belohnung verdient.<\/p>\r\n\r\n<a href=\"http:\/\/senat-grossegladbacher.de\/wp-content\/uploads\/2016\/10\/WhatsApp-Image-2016-09-26-at-19.59.32-1.jpeg\"><img loading=\"lazy\" decoding=\"async\" class=\"aligncenter wp-image-1017 size-large\" src=\"http:\/\/senat-grossegladbacher.de\/wp-content\/uploads\/2016\/10\/WhatsApp-Image-2016-09-26-at-19.59.32-1-1024x768.jpeg\" alt=\"whatsapp-image-2016-09-26-at-19-59-32-1\" width=\"530\" height=\"398\" srcset=\"https:\/\/senat-grossegladbacher.de\/wp-content\/uploads\/2016\/10\/WhatsApp-Image-2016-09-26-at-19.59.32-1-1024x768.jpeg 1024w, https:\/\/senat-grossegladbacher.de\/wp-content\/uploads\/2016\/10\/WhatsApp-Image-2016-09-26-at-19.59.32-1-300x225.jpeg 300w, https:\/\/senat-grossegladbacher.de\/wp-content\/uploads\/2016\/10\/WhatsApp-Image-2016-09-26-at-19.59.32-1.jpeg 1600w\" sizes=\"auto, (max-width: 530px) 100vw, 530px\" \/><\/a>\r\n<p>Aber auch f\u00fcr diejenigen, die nicht gut zu Fu\u00df waren, war wie immer gesorgt. Bei Wein und Bier wurden die Wanderer schon erwartet.<\/p>\r\n\r\n<p>Ein Grillbuffet vom Feinsten, Getr\u00e4nke nach Wahl und nat\u00fcrlich der obligatorische Kuchen standen f\u00fcr alle Finalisten zur Verf\u00fcgung.<\/p>\r\n\r\n<p>Es wurde gefeiert, erz\u00e4hlt und nach bester Senatoren-Manier dieser Tag beendet.<\/p>\r\n\r\n<p>Auf n\u00e4chstes Jahr!<\/p>\r\n<p style=\"text-align: right;\">RS, 10.10.2016<\/p>","protected":false},"excerpt":{"rendered":"<p>Der Wandertag des Senates \u2013 altbew\u00e4hrt und doch immer wieder neu F\u00fcr den allj\u00e4hrlichen Wandertag des Senats konnten die beiden Organisatoren Mathias Fuchs und Rolf Sam dieses Mal unseren Senator Heinz Braun zur Auswahl der Wanderstrecke gewinnen. Und was war <a class=\"more-link\" href=\"https:\/\/senat-grossegladbacher.de\/?page_id=1032\"><span class=\"screen-reader-text\">  Wandertag 2016<\/span> weiterlesen<span class=\"meta-nav\">&rarr;<\/span><\/a><\/p>\n","protected":false},"author":1,"featured_media":0,"parent":0,"menu_order":0,"comment_status":"closed","ping_status":"closed","template":"","meta":{"footnotes":""},"class_list":["post-1032","page","type-page","status-publish","hentry"],"_links":{"self":[{"href":"https:\/\/senat-grossegladbacher.de\/index.php?rest_route=\/wp\/v2\/pages\/1032","targetHints":{"allow":["GET"]}}],"collection":[{"href":"https:\/\/senat-grossegladbacher.de\/index.php?rest_route=\/wp\/v2\/pages"}],"about":[{"href":"https:\/\/senat-grossegladbacher.de\/index.php?rest_route=\/wp\/v2\/types\/page"}],"author":[{"embeddable":true,"href":"https:\/\/senat-grossegladbacher.de\/index.php?rest_route=\/wp\/v2\/users\/1"}],"replies":[{"embeddable":true,"href":"https:\/\/senat-grossegladbacher.de\/index.php?rest_route=%2Fwp%2Fv2%2Fcomments&post=1032"}],"version-history":[{"count":5,"href":"https:\/\/senat-grossegladbacher.de\/index.php?rest_route=\/wp\/v2\/pages\/1032\/revisions"}],"predecessor-version":[{"id":1039,"href":"https:\/\/senat-grossegladbacher.de\/index.php?rest_route=\/wp\/v2\/pages\/1032\/revisions\/1039"}],"wp:attachment":[{"href":"https:\/\/senat-grossegladbacher.de\/index.php?rest_route=%2Fwp%2Fv2%2Fmedia&parent=1032"}],"curies":[{"name":"wp","href":"https:\/\/api.w.org\/{rel}","templated":true}]}}